{"id":110,"date":"2017-11-04T12:53:47","date_gmt":"2017-11-04T11:53:47","guid":{"rendered":"http:\/\/wodniacy.mikolow.zhp.pl\/?page_id=110"},"modified":"2023-10-21T15:42:45","modified_gmt":"2023-10-21T13:42:45","slug":"kronika","status":"publish","type":"page","link":"https:\/\/wodniacy.mikolow.zhp.pl\/index.php\/kronika\/","title":{"rendered":"Kronika"},"content":{"rendered":"<ul>\n<li><strong>15\/29 lipiec 2023<\/strong> &#8211; Ob\u00f3z dru\u017cyny w Zarz\u0119cinie &#8211; HAL 2023.<\/li>\n<li><strong>29 pa\u017adziernik 2022<\/strong> &#8211; Udzia\u0142 za\u0142ogi Wilczk\u00f3w Morskich 27HDW w Jesiennych spotkaniach na szlaku.<\/li>\n<li><strong>13\/27 sierpie\u0144 2022<\/strong> &#8211; Rejs po Kanale Angielskim. Jachty s\/y Grote Beer oraz s\/y My Dream. Trasa: Yerseke &#8211; Dunkierka &#8211; Dieppe &#8211; Cherbourg &#8211; Portsmouth &#8211; Nieuwpoort &#8211; Yerseke.<\/li>\n<li><strong>24\/25 maj 2022<\/strong> &#8211; Biwak kszta\u0142c\u0105cy dla kadry.<\/li>\n<li><strong>05 marzec 2022<\/strong> &#8211; Sp\u0142yw eskimo w\u0119drownik\u00f3w rzek\u0105 Rud\u0105.<\/li>\n<li><strong>12\/13 luty 2022<\/strong> &#8211; Biwak w\u0119drownik\u00f3w w Rajczy. Wej\u015bcie na Rysiank\u0119 (1322m).<\/li>\n<li><strong>29 grudzie\u0144 2021<\/strong> &#8211; Sp\u0142yw eskimo za\u0142ogi W\u0119drownik\u00f3w rzek\u0105 Wart\u0105.<\/li>\n<li><strong>18 grudzie\u0144 2021<\/strong> &#8211; Z\u0142o\u017cenie zobowi\u0105zania instruktorskiego przez pwd. Marcina Milanda \u017cj. oraz pwd. King\u0119 Skoworodko.<\/li>\n<li><strong>17\/18 grudzie\u0144 2021<\/strong> &#8211; Zbi\u00f3rki wigilijne za\u0142ogi HS oraz W\u0119drownik\u00f3w.<\/li>\n<li><strong>03\/05 grudzie\u0144 2021<\/strong> &#8211; Biwak za\u0142ogi HS w Kokotku.<\/li>\n<li><strong>20 listopad 2021<\/strong> &#8211; Udzia\u0142 za\u0142ogi wilczk\u00f3w w JSN.<\/li>\n<li><strong>11 listopad 2021<\/strong> &#8211; IV Regaty Niepodleg\u0142o\u015bci. Zdobycie I miejsca w kategorii dwumasztowce oraz III miejsca w kategorii OPEN przez reprezentacje 27HDW.<\/li>\n<li><strong>06 listopad 2021<\/strong> &#8211; Egzamin na stopie\u0144 \u017ceglarza jachtowego.<\/li>\n<li><strong>11 pa\u017adziernik 2021<\/strong> &#8211; Przyznanie Patentu Flagowego ZHP 27 Harcerskiej Dru\u017cynie Wodnej.<\/li>\n<li><strong>11 pa\u017adziernik 2021<\/strong> &#8211; Z\u0142o\u017cenie zobowi\u0105zania instruktorskiego przez pwd. Micha\u0142a Paw\u0142owskiego jsm.<\/li>\n<li><strong>10\/11 pa\u017adziernik 2021<\/strong> &#8211; Zwyci\u0119stwo 27HDW w Spartakiadzie. Zdobycie proporca Leonida Teligi, miana najlepszej dru\u017cyny wodnej w Polsce.<\/li>\n<li><strong>02 pa\u017adziernik 2021<\/strong> &#8211; Jesienny Sp\u0142yw Wi\u015blany. Dwa patrole sp\u0142ywaj\u0105 odcinek Wis\u0142y oraz Pszczynki.<\/li>\n<li><strong>14\/28 sierpie\u0144 2021<\/strong> &#8211; Rejs po Morzu Ba\u0142tyckim. Jachty s\/y Bystrze oraz s\/y Elektra. Trasa: Gda\u0144sk &#8211; Hel &#8211; Visby &#8211; Sztokholm &#8211; Kalmar &#8211; Gda\u0144sk.<\/li>\n<li><strong>10\/17 lipiec 2021<\/strong> &#8211; Rejs Harcerzy Starszych po jeziorach mazurskich &#8211; HAL 2021.<\/li>\n<li><strong>26 czerwiec \/ 10 lipiec 2021<\/strong> &#8211; Ob\u00f3z Sucha Rzeczka &#8211; HAL 2021.<\/li>\n<li><strong>11 czerwiec 2021<\/strong> &#8211; Nadanie naramiennika w\u0119drowniczego \u0107w. Marcin Miland \u017cj.<\/li>\n<li><strong>29\/30 maj 2021<\/strong> &#8211; Biwak za\u0142\u00f3g Harcerzy Starszych i Jung\u00f3w w Olzie. Sp\u0142yw rzek\u0105 Odr\u0105.<\/li>\n<li><strong>23 maj 2021<\/strong> &#8211; Uroczysty apel LVII OSW na G\u00f3rze \u015awi\u0119tej Anny.<\/li>\n<li><strong>16 maj 2021<\/strong> &#8211; Rozpocz\u0119cie LVII OSW, apel na cmentarzu garnizonowym.<\/li>\n<li><strong>27 luty 2021<\/strong> &#8211; Udzia\u0142 w\u0119drownik\u00f3w w sp\u0142ywie eskimo Chor\u0105gwi \u015al\u0105skiej.<\/li>\n<li><strong>21 luty 2021<\/strong> &#8211; Sp\u0142yw eskimo w\u0119drownik\u00f3w rzek\u0105 Bia\u0142\u0105 Przemsz\u0105.<\/li>\n<li><strong>16 stycze\u0144 2021<\/strong> &#8211; Sp\u0142yw eskimo w\u0119drownik\u00f3w Gostynk\u0105.<\/li>\n<li><strong>03 stycze\u0144 2021<\/strong> &#8211; Sp\u0142yw eskimo w\u0119drownik\u00f3w rzek\u0105 Wart\u0105.<\/li>\n<li><strong>03 pa\u017adziernik 2020<\/strong> &#8211; Udzia\u0142 27HDW w Jesiennym Sp\u0142ywie Wi\u015blanym. Wystawienie 3 ekip sp\u0142ywowych na: Gostynk\u0119, Wis\u0142\u0119 oraz Pszczynk\u0119.<\/li>\n<li><strong>19 wrzesie\u0144 2020<\/strong> &#8211; Piknik rodzinny 27HDW w Starym Porcie w Tychach.<\/li>\n<li><strong>01 wrzesie\u0144 2020<\/strong> &#8211; Apel upami\u0119tniaj\u0105cy wybuch II wojny \u015bwiatowej pod Pomnikiem \u017bo\u0142nierzy Wrze\u015bnia &#8217;39 w Gostyni.<\/li>\n<li><strong>18 lipiec \/ 01 sierpie\u0144<\/strong> <strong>2020<\/strong> &#8211; Rejs 9 w\u0119drownik\u00f3w po Morzu Ba\u0142tyckim. Trasa: G\u00f3rki Zachodnie &#8211; Tallin &#8211; Helsinki &#8211; Sztokholm &#8211; G\u00f3rki Zachodnie.<\/li>\n<li><strong>18 lipiec \/ 01 sierpie\u0144 2020<\/strong> &#8211; Rejs jachtem Barlovento II &#8211; HAL 2020.<\/li>\n<li><strong>11 czerwiec<\/strong> <strong>2020<\/strong> &#8211; Pierwsze zwodowanie drugiej \u0142odzi typu Omega.<\/li>\n<li><strong>29 maj 2020<\/strong> &#8211; Rozpocz\u0119cie sezonu i zbi\u00f3rek nad wod\u0105.<\/li>\n<li><strong>25 maj 2020<\/strong> &#8211; Zdobycie B\u0142\u0119kitnej Wst\u0119gi przez 27 HDW za rok 2019.<\/li>\n<li><strong>11 marzec 2020<\/strong> &#8211; Nieprowadzenie zbi\u00f3rek do odwo\u0142ania z uwagi na panuj\u0105c\u0105 pandemi\u0119, rozpocz\u0119cie zbi\u00f3rek online.<\/li>\n<li><strong>01 marzec 2020<\/strong> &#8211; Kurs SRC dla w\u0119drownik\u00f3w z 27 HDW oraz 4 HDW.<\/li>\n<li><strong>29 luty 2020<\/strong> &#8211; Sp\u0142yw Eskimo Chor\u0105gwi \u015alaskiej rzek\u0105 Rud\u0105.<\/li>\n<li><strong>17 luty 2020<\/strong> &#8211; Zamkni\u0119cie pr\u00f3by na stopie\u0144 przewodnika przez HO Juli\u0119 Figo\u0142uszk\u0119 jsm.<\/li>\n<li><strong>15 luty 2020<\/strong> &#8211; Udzia\u0142 w XII Mistrzostwa P\u0142ywackie Chor\u0105gwi \u015al\u0105skiej.<\/li>\n<li><strong>30 grudzie\u0144 2019 <\/strong>&#8211; Sp\u0142yw Eskimo w\u0119drownik\u00f3w 27 HDW. Rzeka Ruda.<\/li>\n<li><strong>21 grudzie\u0144 2019<\/strong> &#8211; Spotkanie wigilijne Dru\u017cyny. Przyj\u0119cie 4 nowych funkcyjnych.<\/li>\n<li><strong>29 listopad \/ 01 Grudzie\u0144 2019<\/strong> &#8211; Biwak w B\u0142\u0119dowie.<\/li>\n<li><strong>21 listopad 2019<\/strong> &#8211; Z\u0142o\u017cenie Zobowi\u0105zania Instruktorskiego przez HO Agnieszk\u0119 Kowalik \u017c.j.<\/li>\n<li><strong>10 listopad 2019<\/strong> &#8211; Zorganizowanie II Regat Niepodleg\u0142o\u015bci. I miejsce w kategorii DZ wios\u0142a, DZ, Omegi W\u0119drownik\u00f3w.<\/li>\n<li><strong>21 pa\u017adziernik 2019 <\/strong>&#8211; Zamkni\u0119cie pr\u00f3by instruktorskiej przez HO Agnieszk\u0119 Kowalik \u017c.j.<\/li>\n<li><strong>28 wrzesie\u0144 2019<\/strong> &#8211; Zbi\u00f3rka Dru\u017cyny na Paprocanach. Powo\u0142anie nowych funkcyjnych.<\/li>\n<li><strong>15\/22 wrzesie\u0144 2019<\/strong> &#8211; Kurs JSM. Manewr\u00f3wka po Zatoce Gda\u0144skiej. Trasa: B\u0142otnik &#8211; G\u00f3rki Zachodnie &#8211; Gdynia &#8211; Gda\u0144sk &#8211; B\u0142otnik.<\/li>\n<li><strong>02 wrzesie\u0144 2019<\/strong> &#8211; Delagacja naszej Dru\u017cyny na uroczysto\u015bci upami\u0119tniaj\u0105cej wybuch II W\u015a pod Pomnikiem \u017bo\u0142nierzy Wrze\u015bnia &#8217;39 w Gostyni.<\/li>\n<li><strong>31 sierpie\u0144 2019<\/strong> &#8211; Wystawienie reprezentacji Dru\u017cyny na regatach z okazji 20- lecia Stowarzyszenia Wodniackiego &#8222;Szkwa\u0142&#8221;.<\/li>\n<li><strong>03\/18 sierpie\u0144 2019<\/strong> &#8211; Udzia\u0142 6 w\u0119drownik\u00f3w w rejsie po Morzu P\u00f3\u0142nocnym. Trasa: Rostock &#8211; Brunsb\u00fcttel &#8211; Cuxhaven &#8211; Helgoland &#8211; Vlieland &#8211; Heiligenhafen &#8211; Rostock.<\/li>\n<li><strong>06\/13 lipiec 2019<\/strong> &#8211; Kolonia Zuchowa Przerwanki &#8211; HAL 2019<\/li>\n<li><strong>05\/21 lipiec 2019<\/strong> &#8211; Rejs HS\u00f3w po jeziorach Mazurskich &#8211; HAL 2019.<\/li>\n<li><strong>29 czerwiec \/\u00a0 14 lipiec 2019<\/strong> &#8211; Sp\u0142yw Jung\u00f3w rzek\u0105 Kurtyni\u0105 oraz jeziorami Mazurskimi &#8211; HAL 2019.<\/li>\n<li><strong>22 czerwiec 2019<\/strong> &#8211; Egzamin na \u017ceglarza jachtowego. 4 nowych \u017ceglarzy w Dru\u017cynie.<\/li>\n<li><strong>14\/19 czerwiec 2019<\/strong> &#8211; Biwak na Paprocanach w Tychach ko\u0144cz\u0105cy rok harcerski 2018\/2019.<\/li>\n<li><strong>01 czerwiec 2019<\/strong> &#8211; Wykapka wachty \u201eMorskie Pianki\u201d Za\u0142ogi Jung\u00f3w po rzece Gostynce.<\/li>\n<li><strong>21\/26 maj 2019<\/strong> &#8211; Udzia\u0142 Dru\u017cyny w LVI OSW. Wystawienie dru\u017cyn sp\u0142ywowych na wszystkie 3 szlaki g\u0142\u00f3wne oraz szlak Jungowy.<\/li>\n<li><strong>26\/28 kwiecie\u0144 2019<\/strong> &#8211; Sp\u0142yw surwiwalowy Harcerzy Starszych rzek\u0105 Czarn\u0105 Nid\u0105.<\/li>\n<li><strong>16 kwiecie\u0144 2019<\/strong> &#8211; Wykapka Jung\u00f3w na rzece Gostynce, prowadzona przez \u0107w. Filipa.<\/li>\n<li style=\"text-align: left;\"><strong>05\/06 kwiecie\u0144 2019<\/strong> &#8211; Biwak za\u0142\u00f3g Wilczk\u00f3w i Jung\u00f3w. Z\u0142o\u017cenie obietnicy Zucha 11 cz\u0142onk\u00f3w gromady.<\/li>\n<li><strong>05\/06 kwiecie\u0144 2019<\/strong> &#8211; Stoisko naszej Dru\u017cyny na corocznym Jarmarku Wielkanocnym na rynku w Miko\u0142owie.<\/li>\n<li><strong>30 marzec 2019<\/strong> &#8211; Z\u0142o\u017cenie zobowi\u0105zania instruktorskiego przez pwd. Aleksandry Kurpas \u017cj.<\/li>\n<li><strong>30 marzec 2019<\/strong> &#8211; Rozpocz\u0119cie sezonu na Paprocanach w Tychach. Zbi\u00f3rka HS-\u00f3w i Jung\u00f3w.<\/li>\n<li><strong>22\/24 marzec 2019<\/strong> &#8211; Biwak Dru\u017cyny w Cieszynie.<\/li>\n<li><strong>26 luty 2019<\/strong> &#8211; Nowy instruktor w dru\u017cynie. Zamkni\u0119cie pr\u00f3by przewodnika przez HO Katarzyn\u0119 G\u0105siorek \u017cj.<\/li>\n<li><strong>22 luty 2019<\/strong> &#8211; Dzie\u0144 My\u015bli Braterskiej. Pomoc naszych Harcerzy w organizacji akcji \u201eRozgrzej si\u0119!\u201d.<\/li>\n<li><strong>01\/03 luty 2019<\/strong> &#8211; Biwak w domku Harcerskim w Miko\u0142owie dla: Wilczk\u00f3w, Jung\u00f3w i HS-\u00f3w.<\/li>\n<li><strong>21 grudzie\u0144 2018<\/strong> &#8211; Bo\u017conarodzeniowe spotkanie, wigilia Dru\u017cyny.<\/li>\n<li><strong>16 grudzie\u0144 2018<\/strong> &#8211; Nadanie Naramiennika W\u0119drowniczego sam. Agnieszce Kowalik \u017cj. oraz sam. Julii Figo\u0142uszce \u017cj.<\/li>\n<li><strong>07\/09 grudzie\u0144 2018<\/strong> &#8211; Biwak Dru\u017cyny w B\u0142\u0119dowie.<\/li>\n<li><strong>11 listopad 2018<\/strong> &#8211; Nadanie Harcerskiego Znaku Spadochronowego 6 cz\u0142onkom naszej Dru\u017cyny.<\/li>\n<li><strong>21 pa\u017adziernik 2018<\/strong> &#8211; Egzamin 5 cz\u0142onk\u00f3w Dru\u017cyny na stopie\u0144 \u017ceglarza jachtowego.<\/li>\n<li><strong>29 wrzesie\u0144 2018<\/strong> &#8211; Z\u0142o\u017cenie zobowi\u0105zania instruktorskiego przez pwd. Wojciecha T\u0105t\u0119 \u017cj.<\/li>\n<li><strong>21 wrzesie\u0144 2018<\/strong> &#8211; Zuchowa Zbi\u00f3rka Spadochronowa.<\/li>\n<li><strong>15\/16 wrzesie\u0144 2018<\/strong> &#8211; Biwak Dru\u017cyny w Tychach przy Jeziorze Paproca\u0144skim.<\/li>\n<li><strong>03 wrzesie\u0144 2018<\/strong> &#8211; Wystawienie dru\u017cyny reprezentacyjnej na mszy polowej pod pomnikiem \u017co\u0142nierzy 23 Dyw. 73 P. Piechoty w Gostyni.<\/li>\n<li><strong>30 czerwiec \/ 18 lipiec 2018<\/strong> &#8211; Rejs po Morzu Ba\u0142tyckim. Trasa: Gda\u0144sk &#8211; Hel &#8211; Visby &#8211; Mariehamn &#8211; Gda\u0144sk.<\/li>\n<li><strong>14\/17 czerwiec 2018<\/strong> &#8211; Udzia\u0142 w\u0119drownik\u00f3w w Harcerskim Kursie Spadochronowym.<\/li>\n<li><strong>22\/27 maj 2018<\/strong> &#8211; Udzia\u0142 w LV Odrza\u0144skim Sp\u0142ywie Wiosennym. Wystawienie 2 grup na szlaki: Oszka oraz Baranka.<\/li>\n<li><strong>15\/16 kwiecie\u0144 2018<\/strong> &#8211; Biwak W\u0119drowniczy we Wroc\u0142awiu.<\/li>\n<li><strong>11 luty 2018<\/strong> &#8211; Wyr\u00f3\u017cnienie rejsu po Zatoce Gda\u0144skiej przez CWM. Morski Harcerski Rejs Roku \u2013 nagroda dla 27 HDW.<\/li>\n<li><strong>27 stycze\u0144 2018<\/strong> &#8211; Sp\u0142yw eskimo rzek\u0105 Gostynk\u0105.<\/li>\n<li><strong>19 sierpie\u0144 \/ 02 wrzesie\u0144 2017<\/strong> &#8211; Rejs po Morzu P\u00f3\u0142nocnym.<\/li>\n<li><strong>15\/29 lipiec 2017<\/strong> &#8211; Ob\u00f3z Wilamowo HAL 2017.<\/li>\n<li><strong>01\/09 lipiec 2017<\/strong> &#8211; Rejs po Zatoce Gda\u0144skiej.<\/li>\n<li><strong>17\/21 maj 2017<\/strong> &#8211; Udzia\u0142 w LIV Odrza\u0144skim Sp\u0142ywie Wiosennym. Sp\u0142yni\u0119cie rzeki Odry, szlak im. pp\u0142k Tadeusza Puszczy\u0144skiego \u201eKonrada Wawelberga\u201d.<\/li>\n<li><strong>04 marzec 2017<\/strong> &#8211; Udzia\u0142 w Mistrzostwach P\u0142ywackich Chor\u0105gwi \u015al\u0105skiej.<\/li>\n<li><strong>24 luty 2017<\/strong> &#8211; Ognisko z okazji Dnia My\u015bli Braterskiej.<\/li>\n<li><strong>19 luty 2017<\/strong> &#8211; Przeprowadzenie charytatywnej gry terenowej.<\/li>\n<li><strong>13 stycze\u0144 2017 <\/strong>&#8211; Premiera ksi\u0105\u017cki ,,Pawe\u0142 Krawczyk. Legenda \u015al\u0105skich Wodniak\u00f3w&#8221; autorstwa hm. Mariana Uherka o bohaterze i za\u0142o\u017cycielu 27 Harcerskiej Dru\u017cyny Wodnej w Miko\u0142owie (1957).<\/li>\n<li><strong>30 grudzie\u0144 2016 <\/strong>&#8211; Artyku\u0142 o naszej Dru\u017cynie w sylwestrowym wydaniu Dziennika Zachodniego.<\/li>\n<li><strong>23 grudzie\u0144 2016 &#8211;<\/strong> Wigilia Dru\u017cyny.<\/li>\n<li><strong>16 grudzie\u0144 2016 &#8211;<\/strong> Kiermasz Bo\u017conarodzeniowy w MDK w Miko\u0142owie. Akcja zarobkowa naszej Dru\u017cyny.<\/li>\n<li><strong>25\/27 listopad 2016<\/strong> &#8211; Biwak andrzejkowy w P\u0142awniowicach. Powo\u0142anie nowych funkcyjnych.<\/li>\n<li><strong>22 pa\u017adziernik 2016 &#8211;<\/strong> Promocja Dru\u017cyny na Miko\u0142owskim Rynku, przed Bud\u017cetem Obywatelskim.<\/li>\n<li><strong>15\/16 pa\u017adziernik 2016<\/strong> &#8211; Wykapka HOW w Wi\u015ble Wielkiej. Powo\u0142anie nowych funkcyjnych.<\/li>\n<li><strong>02 pa\u017adziernik 2016 &#8211;<\/strong> Wykapka HOW w Wi\u015ble Wielkiej. Zaj\u0119cia na wodzie DZ-y, wios\u0142a oraz \u017cagle.<\/li>\n<li><strong>10 wrzesie\u0144 2016<\/strong> &#8211; Chrzest oraz zwodowanie \u201eNadry\u201d. Zmiana na funkcji dru\u017cynowego.<\/li>\n<li><strong>16\/30 lipiec 2016<\/strong> &#8211; HAL 2016 ob\u00f3z Dru\u017cyny w Przerwankach.<\/li>\n<li><strong>25 czerwiec \/ 05 lipiec 2016<\/strong> &#8211; Sp\u0142yw Biebrz\u0105 HAL 2016.<\/li>\n<li><strong>18 czerwiec 2016<\/strong> &#8211; Zako\u0144czenie roku harcerskiego 2015\/2016.<\/li>\n<li><strong>16 czerwiec 2016<\/strong> &#8211; Pr\u00f3by kad\u0142ubowe DZety na Jeziorze Gocza\u0142kowickim.<\/li>\n<li><strong>26\/29 maj 2016<\/strong> &#8211; Sp\u0142yw\u00a0K\u0142odnic\u0105, Kana\u0142em Gliwickim, Odr\u0105 (P\u0142awniowice \u2013 Krapkowice).<\/li>\n<li><strong>07\/14\/21 maj 2016<\/strong> &#8211; Tworzenie film\u00f3w o historii Powsta\u0144 \u015al\u0105skich przez Jung\u00f3w.<\/li>\n<li><strong>16 kwiecie\u0144 2016<\/strong> &#8211; Manewry Jung\u00f3w na Gniotku w Miko\u0142owie.<\/li>\n<li><strong>09\/10 kwiecie\u0144 2016<\/strong> &#8211; Weekend w HOW Wis\u0142a Wielka. Zaj\u0119cia na wodzie oraz gra terenowa.<\/li>\n<li><strong>02 kwiecie\u0144 2016<\/strong> &#8211; Otwarcie sezonu 2016. Pierwsze p\u0142ywanie na Jeziorze Paproca\u0144skim.<\/li>\n<li><strong>19 marzec 2016<\/strong> &#8211; Gra terenowa z okazji 95. rocznicy Plebiscytu G\u00f3rno\u015bl\u0105skiego.<\/li>\n<li><strong>22 luty 2016<\/strong> &#8211; Spotkanie z burmistrzem miasta Miko\u0142owa Stanis\u0142awem Piechul\u0105.<\/li>\n<li><strong>30 stycze\u0144 2016<\/strong> &#8211; Zbi\u00f3rka HS-\u00f3w. Kurs \u017ceglarza, budowa modeli jacht\u00f3w.<\/li>\n<li><strong>29 stycze\u0144 2016<\/strong> &#8211; Zbi\u00f3rka Wilczk\u00f3w dotycz\u0105ca Bud\u017cetu Obywatelskiego.<\/li>\n<li><strong>23 stycze\u0144 2016<\/strong> &#8211; Zbi\u00f3rka HS-\u00f3w. Pieczenie ciastek owsianych.<\/li>\n<li><strong>19 grudzie\u0144 2015<\/strong> &#8211; Wigilia Dru\u017cynowa w So\u0142tys\u00f3wce w Mokrem.<\/li>\n<li><strong>15 grudzie\u0144 2015<\/strong> &#8211; Kiermasz \u015bwi\u0105teczny w SP3 oraz MDK w Miko\u0142owie.<\/li>\n<li><strong>14 grudzie\u0144 2015<\/strong> &#8211; Przekazanie Betlejemskiego \u015awiat\u0142\u0105 Pokoju w ko\u015bciele oo. Salwatorian\u00f3w.<\/li>\n<li><strong>08 grudzie\u0144 2015<\/strong> &#8211; Manufaktura 27HDW w Domku Harcerskim. Przygotowania do \u015bwi\u0105tecznego kiermaszu.<\/li>\n<li><strong>28\/29 listopad 2015<\/strong> &#8211; Wykapka HOW w Wi\u015ble Wielkiej. Renowacja pagaj\u00f3w oraz 420ki.<\/li>\n<li><strong>21 listopad 2015<\/strong> &#8211; Uroczysto\u015bci upami\u0119tniaj\u0105ce hm. Paw\u0142a Krawczyka w 33. rocznic\u0119 dnia jego \u015bmierci. premiera filmu \u201ePawe\u0142 Krawczyk m\u0142odzie\u017cowo\u201d.<\/li>\n<li><strong>13\/15 listopad 2015<\/strong> &#8211; Realizacja projektu filmowego &#8211; \u201ePawe\u0142 Krawczyk m\u0142odzie\u017cowo\u201d we wsp\u00f3\u0142pracy z klubem filmowym akf \u201eiks\u201d w Miko\u0142owie.<\/li>\n<li><strong>11 listopad 2015<\/strong> &#8211; Wieczornica w dzie\u0144 \u015awi\u0119ta Odzyskania Niepodleg\u0142o\u015bci prze Polsk\u0119.<\/li>\n<li><strong>01 listopad 2015<\/strong> &#8211; Wystawienie warty przed grobem hm. Paw\u0142a Krawczyka.<\/li>\n<li><strong>25 pa\u017adziernik 2015<\/strong> &#8211; Wykapka na Jeziorze Paproca\u0144skim.<\/li>\n<li><strong>03 pa\u017adziernik 2015<\/strong> &#8211; Udzia\u0142 w Jesiennym Sp\u0142ywie Wi\u015blanym. Sp\u0142yni\u0119cie odcinka Wis\u0142y: spod zapory w Gocza\u0142kowicach &#8211; Zdroju do mostu w Harm\u0119\u017cach.<\/li>\n<li><strong>19 wrzesie\u0144 2015<\/strong> &#8211; Po\u017cegnanie lata &#8211; wykapka do Tych\u00f3w. Zaj\u0119cia na Paprocanach w kanadyjkach.<\/li>\n<li><strong>27 lipiec \/ 08 sierpie\u0144 2015<\/strong> &#8211; Udzia\u0142 w Mi\u0119dzynarodowym Zlocie Skaut\u00f3w Wodnych ,,S\u00f8\u201915 Sea Scout Jamboree&#8221; w du\u0144skim Eg\u00e5 Marina.<\/li>\n<li><strong>27 czerwiec \/ 04 lipiec 2015<\/strong> &#8211; Harcerska Akcja Letnia 2015 &#8211; Sp\u0142yw Tanwi\u0105.<\/li>\n<li><strong>23 maj 2015<\/strong> &#8211; Udzia\u0142 w LII OSW. Sp\u0142yw Kana\u0142em Gliwickim.<\/li>\n<li><strong>10\/11 marzec 2015<\/strong> &#8211; Budowa cz\u00f3\u0142na przez HS-\u00f3w w hangarze w HOW-ie w Wi\u015ble Wielkiej.<\/li>\n<li><strong>11 listopad 2014<\/strong> &#8211; Otwarta wieczornica w ramach upami\u0119tnienia 96 rocznicy odzyskania przez Polsk\u0119 niepodleg\u0142o\u015bci.<\/li>\n<li><strong>26 lipiec \/ 02 sierpie\u0144 2014<\/strong> &#8211; Rejs po Morzu Ba\u0142tyckim. Tras: Gda\u0144sk &#8211; Hel &#8211; W\u0142adys\u0142awowo &#8211; Nexo &#8211; Christianso &#8211; Ko\u0142obrzeg.<\/li>\n<li><strong>02 \/ 05 sierpie\u0144 2013<\/strong> &#8211; HAL 2013 ob\u00f3z Dru\u017cyny w Nowym Zarzeczu.<\/li>\n<li><strong>26 maj 2013<\/strong> &#8211; Udzia\u0142 w uroczysto\u015bciach w L OSW na g\u00f3rze \u015bw. Anny.<\/li>\n<li><strong>02\/03 marzec 2013 <\/strong>&#8211; Biwak dru\u017cyny w Lachowicach &#8211; Adamy. Przyrzeczenie harcerskie\u00a0druhny Martyny i druha \u0141ukasza.<\/li>\n<li><strong>20 pa\u017adziernik 2012<\/strong> &#8211; Wykapka do Wis\u0142y Wielkiej. Zaj\u0119cia na wodzie w kanadyjkach.<\/li>\n<li><strong>21 maj 2011<\/strong> &#8211; Symboliczny udzia\u0142\u00a0 w XLVII OSW.<\/li>\n<\/ul>\n","protected":false},"excerpt":{"rendered":"<p>15\/29 lipiec 2023 &#8211; Ob\u00f3z dru\u017cyny w Zarz\u0119cinie &#8211; HAL 2023. 29 pa\u017adziernik 2022 &#8211; Udzia\u0142 za\u0142ogi Wilczk\u00f3w Morskich 27HDW w Jesiennych spotkaniach na szlaku. 13\/27 sierpie\u0144 2022 &#8211; Rejs po Kanale Angielskim. Jachty s\/y Grote Beer oraz s\/y My Dream. Trasa: Yerseke &#8211; Dunkierka &#8211; Dieppe &#8211; Cherbourg &#8211; Portsmouth &#8211; Nieuwpoort &#8211; Yerseke. [&hellip;]<\/p>\n","protected":false},"author":4,"featured_media":2377,"parent":0,"menu_order":0,"comment_status":"closed","ping_status":"closed","template":"","meta":{"footnotes":""},"class_list":["post-110","page","type-page","status-publish","has-post-thumbnail","czr-hentry"],"_links":{"self":[{"href":"https:\/\/wodniacy.mikolow.zhp.pl\/index.php\/wp-json\/wp\/v2\/pages\/110","targetHints":{"allow":["GET"]}}],"collection":[{"href":"https:\/\/wodniacy.mikolow.zhp.pl\/index.php\/wp-json\/wp\/v2\/pages"}],"about":[{"href":"https:\/\/wodniacy.mikolow.zhp.pl\/index.php\/wp-json\/wp\/v2\/types\/page"}],"author":[{"embeddable":true,"href":"https:\/\/wodniacy.mikolow.zhp.pl\/index.php\/wp-json\/wp\/v2\/users\/4"}],"replies":[{"embeddable":true,"href":"https:\/\/wodniacy.mikolow.zhp.pl\/index.php\/wp-json\/wp\/v2\/comments?post=110"}],"version-history":[{"count":142,"href":"https:\/\/wodniacy.mikolow.zhp.pl\/index.php\/wp-json\/wp\/v2\/pages\/110\/revisions"}],"predecessor-version":[{"id":3733,"href":"https:\/\/wodniacy.mikolow.zhp.pl\/index.php\/wp-json\/wp\/v2\/pages\/110\/revisions\/3733"}],"wp:featuredmedia":[{"embeddable":true,"href":"https:\/\/wodniacy.mikolow.zhp.pl\/index.php\/wp-json\/wp\/v2\/media\/2377"}],"wp:attachment":[{"href":"https:\/\/wodniacy.mikolow.zhp.pl\/index.php\/wp-json\/wp\/v2\/media?parent=110"}],"curies":[{"name":"wp","href":"https:\/\/api.w.org\/{rel}","templated":true}]}}