{"id":2,"date":"2016-10-25T19:17:31","date_gmt":"2016-10-25T17:17:31","guid":{"rendered":"http:\/\/wodniacy.mikolow.zhp.pl\/?page_id=2"},"modified":"2025-12-22T21:04:09","modified_gmt":"2025-12-22T20:04:09","slug":"kontakt","status":"publish","type":"page","link":"https:\/\/wodniacy.mikolow.zhp.pl\/index.php\/kontakt\/","title":{"rendered":"Kontakt"},"content":{"rendered":"<style> *{box-sizing: border-box;} .column {float: left; width: 25%; height: 270px;} @media screen and (max-width: 1200px) {.column {float: none; text-align: center; width: 100%; height:100%; }} .box {height: 290px; display: table-cell; vertical-align: middle; } @media screen and (max-width: 1200px) {.box {display: inline-block; height: 100%;}}<\/style>\n<p>&nbsp;<\/p>\n<h1>27 Harcerska Dru\u017cyna Wodna:<\/h1>\n<p>&nbsp;<\/p>\n<h2>27hdwmikolow2@gmail.com<\/h2>\n<p>&nbsp;<\/p>\n<div class=\"row\">\n<div class=\"column\">\n<div class=\"widget-front czr-link-mask-p round\">\n<div class=\"tc-thumbnail czr-thumb-wrapper czr__r-wTCT \"><img width=\"270\" height=\"250\" data-src=\"http:\/\/wodniacy.mikolow.zhp.pl\/wp-content\/uploads\/2019\/12\/Foto_k2.jpg\" data-sizes=\"(max-width: 270px)\" \/><\/div>\n<\/div>\n<\/div>\n<div class=\"column\">\n<div class=\"box\"><b>Dru\u017cynowa<\/b><br \/>\npwd. Katarzyna G\u0105siorek jsm.<br \/>\ne-mail: gasiorek.katarzyna@zhp.net.pl<br \/>\nnr tel.: +48 881 290 321<\/div>\n<\/div>\n<div class=\"column\">\n<div class=\"widget-front czr-link-mask-p round\">\n<div class=\"tc-thumbnail czr-thumb-wrapper czr__r-wTCT \"><img loading=\"lazy\" decoding=\"async\" class=\"alignnone wp-image-3779 \" src=\"https:\/\/wodniacy.mikolow.zhp.pl\/wp-content\/uploads\/2025\/12\/IMG_0777-scaled-e1766433665134-878x1024.jpg\" alt=\"\" width=\"309\" height=\"360\" srcset=\"https:\/\/wodniacy.mikolow.zhp.pl\/wp-content\/uploads\/2025\/12\/IMG_0777-scaled-e1766433665134-878x1024.jpg 878w, https:\/\/wodniacy.mikolow.zhp.pl\/wp-content\/uploads\/2025\/12\/IMG_0777-scaled-e1766433665134-257x300.jpg 257w, https:\/\/wodniacy.mikolow.zhp.pl\/wp-content\/uploads\/2025\/12\/IMG_0777-scaled-e1766433665134-768x896.jpg 768w, https:\/\/wodniacy.mikolow.zhp.pl\/wp-content\/uploads\/2025\/12\/IMG_0777-scaled-e1766433665134-1317x1536.jpg 1317w, https:\/\/wodniacy.mikolow.zhp.pl\/wp-content\/uploads\/2025\/12\/IMG_0777-scaled-e1766433665134.jpg 1438w\" sizes=\"auto, (max-width: 309px) 100vw, 309px\" \/><\/div>\n<\/div>\n<\/div>\n<div class=\"column\">\n<div class=\"box\"><b>G\u0142\u00f3wna przyboczna<\/b><br \/>\nHO Milena Zieli\u0144ska \u017cj.<br \/>\ne-mail: milena.zielinska@zhp.net.pl<br \/>\nnr tel.: +48 515 753 565<\/div>\n<\/div>\n<div class=\"column\">\n<div class=\"widget-front czr-link-mask-p round\">\n<div class=\"tc-thumbnail czr-thumb-wrapper czr__r-wTCT \"><img width=\"270\" height=\"250\" data-src=\"https:\/\/wodniacy.mikolow.zhp.pl\/wp-content\/uploads\/2024\/04\/Foto_k4.jpg\" data-sizes=\"(max-width: 270px)\" \/><\/div>\n<\/div>\n<\/div>\n<div class=\"column\">\n<div class=\"box\"><b>Przyboczna za\u0142ogowa Wilczk\u00f3w<\/b><br \/>\npwd. Karolina Zdzieb\u0142o \u017cj.<br \/>\ne-mail: karolina.zdzieblo@zhp.net.pl<br \/>\nnr tel.: +48 661 303 933<\/div>\n<\/div>\n<div class=\"column\">\n<div class=\"widget-front czr-link-mask-p round\">\n<div class=\"tc-thumbnail czr-thumb-wrapper czr__r-wTCT \"><img width=\"270\" height=\"250\" data-src=\"https:\/\/wodniacy.mikolow.zhp.pl\/wp-content\/uploads\/2021\/02\/Foto_m6.jpg\" data-sizes=\"(max-width: 270px)\" \/><\/div>\n<\/div>\n<\/div>\n<div class=\"column\">\n<div class=\"box\"><b>Przyboczna za\u0142ogowa Jung\u00f3w<\/b><br \/>\npwd. Matylda Jurzykowska<br \/>\ne-mail: matylda.jurzykowska@zhp.net.pl<br \/>\nnr tel.: +48 723 017 839<\/div>\n<\/div>\n<div class=\"column\">\n<div class=\"widget-front czr-link-mask-p round\">\n<div class=\"tc-thumbnail czr-thumb-wrapper czr__r-wTCT \"><img width=\"270\" height=\"250\" data-src=\"https:\/\/wodniacy.mikolow.zhp.pl\/wp-content\/uploads\/2024\/04\/Foto_k5.jpg\" data-sizes=\"(max-width: 270px)\" \/><\/div>\n<\/div>\n<\/div>\n<div class=\"column\">\n<div class=\"box\"><b>Przyboczny za\u0142ogowy HS<\/b><br \/>\n\u0107w. Jakub Kucz \u017cj.<br \/>\ne-mail: jakub.kucz@zhp.net.pl<br \/>\nnr tel.: +48 790 693 485<\/div>\n<\/div>\n<div class=\"column\">\n<div class=\"widget-front czr-link-mask-p round\">\n<div class=\"tc-thumbnail czr-thumb-wrapper czr__r-wTCT \"><img width=\"270\" height=\"250\" data-src=\"http:\/\/wodniacy.mikolow.zhp.pl\/wp-content\/uploads\/2019\/12\/Foto_k.jpg\" data-sizes=\"(max-width: 270px)\" \/><\/div>\n<\/div>\n<\/div>\n<div class=\"column\">\n<div class=\"box\"><b>Przyboczna za\u0142ogowa W\u0119drownik\u00f3w<\/b><br \/>\npwd. Kinga Skoworodko<br \/>\ne-mail: kinga.skoworodko@zhp.net.pl<br \/>\nnr tel.: +48 798 047 096<\/div>\n<\/div>\n<div class=\"column\">\n<div class=\"widget-front czr-link-mask-p round\">\n<div class=\"tc-thumbnail czr-thumb-wrapper czr__r-wTCT \"><img width=\"270\" height=\"250\" data-src=\"https:\/\/wodniacy.mikolow.zhp.pl\/wp-content\/uploads\/2019\/12\/Foto_a.jpg\" data-sizes=\"(max-width: 270px)\" \/><\/div>\n<\/div>\n<\/div>\n<div class=\"column\">\n<div class=\"box\"><b>G\u0142\u00f3wny Instruktor Metodyczny<\/b><br \/>\npwd. Agnieszka Kowalik jsm.<br \/>\ne-mail: agnieszka.kowalik@zhp.net.pl<br \/>\nnr tel.: +48 660 969 897<\/div>\n<\/div>\n<div class=\"column\">\n<div class=\"widget-front czr-link-mask-p round\">\n<div class=\"tc-thumbnail czr-thumb-wrapper czr__r-wTCT \"><img width=\"270\" height=\"250\" data-src=\"https:\/\/wodniacy.mikolow.zhp.pl\/wp-content\/uploads\/2019\/12\/Foto_w.jpg\" data-sizes=\"(max-width: 270px)\" \/><\/div>\n<\/div>\n<\/div>\n<div class=\"column\">\n<div class=\"box\"><b>Kierownik Wyszkolenia \u017beglarskiego<\/b><br \/>\npwd. Wojtek T\u0105ta \u017cj.<br \/>\ne-mail: wojciech.tata@zhp.net.pl<br \/>\nnr tel.: +48 881 209 810<\/div>\n<\/div>\n<\/div>\n","protected":false},"excerpt":{"rendered":"<p>&nbsp; 27 Harcerska Dru\u017cyna Wodna: &nbsp; 27hdwmikolow2@gmail.com &nbsp; Dru\u017cynowa pwd. Katarzyna G\u0105siorek jsm. e-mail: gasiorek.katarzyna@zhp.net.pl nr tel.: +48 881 290 321 G\u0142\u00f3wna przyboczna HO Milena Zieli\u0144ska \u017cj. e-mail: milena.zielinska@zhp.net.pl nr tel.: +48 515 753 565 Przyboczna za\u0142ogowa Wilczk\u00f3w pwd. Karolina Zdzieb\u0142o \u017cj. e-mail: karolina.zdzieblo@zhp.net.pl nr tel.: +48 661 303 933 Przyboczna za\u0142ogowa Jung\u00f3w pwd. Matylda [&hellip;]<\/p>\n","protected":false},"author":4,"featured_media":698,"parent":0,"menu_order":8,"comment_status":"closed","ping_status":"closed","template":"","meta":{"footnotes":""},"class_list":["post-2","page","type-page","status-publish","has-post-thumbnail","czr-hentry"],"_links":{"self":[{"href":"https:\/\/wodniacy.mikolow.zhp.pl\/index.php\/wp-json\/wp\/v2\/pages\/2","targetHints":{"allow":["GET"]}}],"collection":[{"href":"https:\/\/wodniacy.mikolow.zhp.pl\/index.php\/wp-json\/wp\/v2\/pages"}],"about":[{"href":"https:\/\/wodniacy.mikolow.zhp.pl\/index.php\/wp-json\/wp\/v2\/types\/page"}],"author":[{"embeddable":true,"href":"https:\/\/wodniacy.mikolow.zhp.pl\/index.php\/wp-json\/wp\/v2\/users\/4"}],"replies":[{"embeddable":true,"href":"https:\/\/wodniacy.mikolow.zhp.pl\/index.php\/wp-json\/wp\/v2\/comments?post=2"}],"version-history":[{"count":87,"href":"https:\/\/wodniacy.mikolow.zhp.pl\/index.php\/wp-json\/wp\/v2\/pages\/2\/revisions"}],"predecessor-version":[{"id":3780,"href":"https:\/\/wodniacy.mikolow.zhp.pl\/index.php\/wp-json\/wp\/v2\/pages\/2\/revisions\/3780"}],"wp:featuredmedia":[{"embeddable":true,"href":"https:\/\/wodniacy.mikolow.zhp.pl\/index.php\/wp-json\/wp\/v2\/media\/698"}],"wp:attachment":[{"href":"https:\/\/wodniacy.mikolow.zhp.pl\/index.php\/wp-json\/wp\/v2\/media?parent=2"}],"curies":[{"name":"wp","href":"https:\/\/api.w.org\/{rel}","templated":true}]}}