{"id":2092,"date":"2018-12-15T13:17:25","date_gmt":"2018-12-15T12:17:25","guid":{"rendered":"http:\/\/wodniacy.mikolow.zhp.pl\/?page_id=2092"},"modified":"2021-11-21T11:54:20","modified_gmt":"2021-11-21T10:54:20","slug":"cookies","status":"publish","type":"page","link":"https:\/\/wodniacy.mikolow.zhp.pl\/index.php\/cookies\/","title":{"rendered":"Cookies Policy ?"},"content":{"rendered":"<p>Informujemy, \u017ce dla prawid\u0142owego dzia\u0142ania serwisu u\u017cywamy informacji zapisanych za pomoc\u0105 plik\u00f3w cookies i podobnych technologii w celach technicznych, statystycznych oraz by dostosowa\u0107 stron\u0119 do indywidualnych potrzeb U\u017cytkownik\u00f3w. W ustawieniach przegl\u0105darki internetowej mo\u017cna zmieni\u0107 ustawienia dotycz\u0105ce wszystkich powy\u017cszych plik\u00f3w cookies, cho\u0107 serwis mo\u017ce bez nich nie dzia\u0142a\u0107 poprawnie.<\/p>\n<p>Je\u015bli nie wyra\u017casz zgody na wykorzystywanie cookies we wskazanych powy\u017cej celach, prosimy o zmian\u0119 ustawie\u0144 w przegl\u0105darce lub opuszczenie serwisu.<\/p>\n","protected":false},"excerpt":{"rendered":"<p>Informujemy, \u017ce dla prawid\u0142owego dzia\u0142ania serwisu u\u017cywamy informacji zapisanych za pomoc\u0105 plik\u00f3w cookies i podobnych technologii w celach technicznych, statystycznych oraz by dostosowa\u0107 stron\u0119 do indywidualnych potrzeb U\u017cytkownik\u00f3w. W ustawieniach przegl\u0105darki internetowej mo\u017cna zmieni\u0107 ustawienia dotycz\u0105ce wszystkich powy\u017cszych plik\u00f3w cookies, cho\u0107 serwis mo\u017ce bez nich nie dzia\u0142a\u0107 poprawnie. Je\u015bli nie wyra\u017casz zgody na wykorzystywanie cookies [&hellip;]<\/p>\n","protected":false},"author":4,"featured_media":836,"parent":0,"menu_order":0,"comment_status":"closed","ping_status":"closed","template":"","meta":{"footnotes":""},"class_list":["post-2092","page","type-page","status-publish","has-post-thumbnail","czr-hentry"],"_links":{"self":[{"href":"https:\/\/wodniacy.mikolow.zhp.pl\/index.php\/wp-json\/wp\/v2\/pages\/2092","targetHints":{"allow":["GET"]}}],"collection":[{"href":"https:\/\/wodniacy.mikolow.zhp.pl\/index.php\/wp-json\/wp\/v2\/pages"}],"about":[{"href":"https:\/\/wodniacy.mikolow.zhp.pl\/index.php\/wp-json\/wp\/v2\/types\/page"}],"author":[{"embeddable":true,"href":"https:\/\/wodniacy.mikolow.zhp.pl\/index.php\/wp-json\/wp\/v2\/users\/4"}],"replies":[{"embeddable":true,"href":"https:\/\/wodniacy.mikolow.zhp.pl\/index.php\/wp-json\/wp\/v2\/comments?post=2092"}],"version-history":[{"count":2,"href":"https:\/\/wodniacy.mikolow.zhp.pl\/index.php\/wp-json\/wp\/v2\/pages\/2092\/revisions"}],"predecessor-version":[{"id":3589,"href":"https:\/\/wodniacy.mikolow.zhp.pl\/index.php\/wp-json\/wp\/v2\/pages\/2092\/revisions\/3589"}],"wp:featuredmedia":[{"embeddable":true,"href":"https:\/\/wodniacy.mikolow.zhp.pl\/index.php\/wp-json\/wp\/v2\/media\/836"}],"wp:attachment":[{"href":"https:\/\/wodniacy.mikolow.zhp.pl\/index.php\/wp-json\/wp\/v2\/media?parent=2092"}],"curies":[{"name":"wp","href":"https:\/\/api.w.org\/{rel}","templated":true}]}}