{"id":21,"date":"2016-10-28T23:49:51","date_gmt":"2016-10-28T21:49:51","guid":{"rendered":"http:\/\/wodniacy.mikolow.zhp.pl\/?page_id=21"},"modified":"2025-09-09T22:17:04","modified_gmt":"2025-09-09T20:17:04","slug":"zbiorki","status":"publish","type":"page","link":"https:\/\/wodniacy.mikolow.zhp.pl\/index.php\/zbiorki\/","title":{"rendered":"Zbi\u00f3rki"},"content":{"rendered":"<p><strong>Za\u0142oga Wilczk\u00f3w Morskich:<\/strong><\/p>\n<p>dzie\u0144: pi\u0105tek<\/p>\n<p>godziny: 17.00-19.00<\/p>\n<p>miejsce: Domek Harcerski<\/p>\n<hr \/>\n<p><strong>Za\u0142oga Jung\u00f3w:<\/strong><\/p>\n<p>dzie\u0144: pi\u0105tek \/ sobota<\/p>\n<p>godziny : 18.00-20.00\/ 09.00-12.00<\/p>\n<p>miejsce: Domek Harcerski \/ Jezioro Paproca\u0144skie<\/p>\n<hr \/>\n<p><strong>Za\u0142oga Harcerzy Starszych:<\/strong><\/p>\n<p>dzie\u0144: sobota<\/p>\n<p>godziny: 10.00-13.00<\/p>\n<p>miejsce: Domek Harcerski \/ Jezioro Paproca\u0144skie<\/p>\n<hr \/>\n<p><strong>Za\u0142oga W\u0119drownik\u00f3w:<\/strong><\/p>\n<p>miejsce: Domek Harcerski \/ Jezioro Paproca\u0144skie \/ inne<\/p>\n<hr \/>\n<p>Szczeg\u00f3\u0142owych informacji dotycz\u0105cych zbi\u00f3rek udzielaj\u0105 za\u0142ogowi. Dane kontaktowe znajd\u0105 pa\u0144stwo w zak\u0142adce <a href=\"https:\/\/wodniacy.mikolow.zhp.pl\/index.php\/kontakt\/\">Kontakt<\/a>.<\/p>\n","protected":false},"excerpt":{"rendered":"<p>Za\u0142oga Wilczk\u00f3w Morskich: dzie\u0144: pi\u0105tek godziny: 17.00-19.00 miejsce: Domek Harcerski Za\u0142oga Jung\u00f3w: dzie\u0144: pi\u0105tek \/ sobota godziny : 18.00-20.00\/ 09.00-12.00 miejsce: Domek Harcerski \/ Jezioro Paproca\u0144skie Za\u0142oga Harcerzy Starszych: dzie\u0144: sobota godziny: 10.00-13.00 miejsce: Domek Harcerski \/ Jezioro Paproca\u0144skie Za\u0142oga W\u0119drownik\u00f3w: miejsce: Domek Harcerski \/ Jezioro Paproca\u0144skie \/ inne Szczeg\u00f3\u0142owych informacji dotycz\u0105cych zbi\u00f3rek udzielaj\u0105 za\u0142ogowi. [&hellip;]<\/p>\n","protected":false},"author":4,"featured_media":694,"parent":0,"menu_order":2,"comment_status":"closed","ping_status":"closed","template":"","meta":{"footnotes":""},"class_list":["post-21","page","type-page","status-publish","has-post-thumbnail","czr-hentry"],"_links":{"self":[{"href":"https:\/\/wodniacy.mikolow.zhp.pl\/index.php\/wp-json\/wp\/v2\/pages\/21","targetHints":{"allow":["GET"]}}],"collection":[{"href":"https:\/\/wodniacy.mikolow.zhp.pl\/index.php\/wp-json\/wp\/v2\/pages"}],"about":[{"href":"https:\/\/wodniacy.mikolow.zhp.pl\/index.php\/wp-json\/wp\/v2\/types\/page"}],"author":[{"embeddable":true,"href":"https:\/\/wodniacy.mikolow.zhp.pl\/index.php\/wp-json\/wp\/v2\/users\/4"}],"replies":[{"embeddable":true,"href":"https:\/\/wodniacy.mikolow.zhp.pl\/index.php\/wp-json\/wp\/v2\/comments?post=21"}],"version-history":[{"count":19,"href":"https:\/\/wodniacy.mikolow.zhp.pl\/index.php\/wp-json\/wp\/v2\/pages\/21\/revisions"}],"predecessor-version":[{"id":3768,"href":"https:\/\/wodniacy.mikolow.zhp.pl\/index.php\/wp-json\/wp\/v2\/pages\/21\/revisions\/3768"}],"wp:featuredmedia":[{"embeddable":true,"href":"https:\/\/wodniacy.mikolow.zhp.pl\/index.php\/wp-json\/wp\/v2\/media\/694"}],"wp:attachment":[{"href":"https:\/\/wodniacy.mikolow.zhp.pl\/index.php\/wp-json\/wp\/v2\/media?parent=21"}],"curies":[{"name":"wp","href":"https:\/\/api.w.org\/{rel}","templated":true}]}}