{"id":2645,"date":"2019-03-29T18:07:11","date_gmt":"2019-03-29T17:07:11","guid":{"rendered":"http:\/\/wodniacy.mikolow.zhp.pl\/?page_id=2645"},"modified":"2023-10-21T15:16:58","modified_gmt":"2023-10-21T13:16:58","slug":"galeria-2013","status":"publish","type":"page","link":"https:\/\/wodniacy.mikolow.zhp.pl\/index.php\/galeria\/galeria-2013\/","title":{"rendered":"Galeria &#8211; 2013"},"content":{"rendered":"<ul>\n<li><a href=\"https:\/\/photos.app.goo.gl\/GvQezMTrV1Xj2NvG7\">Ob\u00f3z Nowe Zarzecze &#8211; HAL 2013<\/a><\/li>\n<li><a href=\"https:\/\/photos.app.goo.gl\/M7ZCBWBt8Ye8PGTU9\">Odrza\u0144ski Sp\u0142yw Wiosenny &#8211; 2013<\/a><\/li>\n<li><a href=\"https:\/\/photos.app.goo.gl\/mXAT1WhsuXvinHt86\">Biwak Lachowice &#8211; 02\/03.03.13<\/a><\/li>\n<\/ul>\n","protected":false},"excerpt":{"rendered":"<p>Ob\u00f3z Nowe Zarzecze &#8211; HAL 2013 Odrza\u0144ski Sp\u0142yw Wiosenny &#8211; 2013 Biwak Lachowice &#8211; 02\/03.03.13<\/p>\n","protected":false},"author":4,"featured_media":0,"parent":2014,"menu_order":0,"comment_status":"closed","ping_status":"closed","template":"","meta":{"footnotes":""},"class_list":["post-2645","page","type-page","status-publish","czr-hentry"],"_links":{"self":[{"href":"https:\/\/wodniacy.mikolow.zhp.pl\/index.php\/wp-json\/wp\/v2\/pages\/2645","targetHints":{"allow":["GET"]}}],"collection":[{"href":"https:\/\/wodniacy.mikolow.zhp.pl\/index.php\/wp-json\/wp\/v2\/pages"}],"about":[{"href":"https:\/\/wodniacy.mikolow.zhp.pl\/index.php\/wp-json\/wp\/v2\/types\/page"}],"author":[{"embeddable":true,"href":"https:\/\/wodniacy.mikolow.zhp.pl\/index.php\/wp-json\/wp\/v2\/users\/4"}],"replies":[{"embeddable":true,"href":"https:\/\/wodniacy.mikolow.zhp.pl\/index.php\/wp-json\/wp\/v2\/comments?post=2645"}],"version-history":[{"count":5,"href":"https:\/\/wodniacy.mikolow.zhp.pl\/index.php\/wp-json\/wp\/v2\/pages\/2645\/revisions"}],"predecessor-version":[{"id":3724,"href":"https:\/\/wodniacy.mikolow.zhp.pl\/index.php\/wp-json\/wp\/v2\/pages\/2645\/revisions\/3724"}],"up":[{"embeddable":true,"href":"https:\/\/wodniacy.mikolow.zhp.pl\/index.php\/wp-json\/wp\/v2\/pages\/2014"}],"wp:attachment":[{"href":"https:\/\/wodniacy.mikolow.zhp.pl\/index.php\/wp-json\/wp\/v2\/media?parent=2645"}],"curies":[{"name":"wp","href":"https:\/\/api.w.org\/{rel}","templated":true}]}}