{"id":2654,"date":"2019-03-29T18:27:26","date_gmt":"2019-03-29T17:27:26","guid":{"rendered":"http:\/\/wodniacy.mikolow.zhp.pl\/?page_id=2654"},"modified":"2023-10-21T15:21:09","modified_gmt":"2023-10-21T13:21:09","slug":"galeria-2015","status":"publish","type":"page","link":"https:\/\/wodniacy.mikolow.zhp.pl\/index.php\/galeria\/galeria-2015\/","title":{"rendered":"Galeria &#8211; 2015"},"content":{"rendered":"<ul>\n<li><a href=\"https:\/\/photos.app.goo.gl\/PGC1JeJwteKT6DyX7\">Wigilia Dru\u017cynowa &#8211; 19.12.15<\/a><\/li>\n<li><a href=\"https:\/\/photos.app.goo.gl\/T2muvR7cDyYo8DL69\">Kiermasz \u015bwi\u0105teczny w MDK i SP3 &#8211; 15.12.15<\/a><\/li>\n<li><a href=\"https:\/\/photos.app.goo.gl\/NRvbX3PWA6RoAhbx6\">Betlejemskie \u015awiat\u0142o Pokoju &#8211; 14.12.15<\/a><\/li>\n<li><a href=\"https:\/\/photos.app.goo.gl\/dnATuYpCrQmckeTs6\">Przed\u015bwi\u0105teczna manufaktura &#8211; 05.12.15<\/a><\/li>\n<li><a href=\"https:\/\/photos.app.goo.gl\/UnBRKEm8cDMiNJ5r6\">Wykapka HOW &#8211; 28\/29.11.15<\/a><\/li>\n<li><a href=\"https:\/\/photos.app.goo.gl\/PcQbRihtdPZFfaZV7\">33. Rocznica \u015bmierci hm. Paw\u0142a Krawczyka &#8211; 21.11.15<\/a><\/li>\n<li><a href=\"https:\/\/photos.app.goo.gl\/N8UAjRCFA8tP7per9\">PK M\u0142odzie\u017cowo &#8211; 13\/15.11.15<\/a><\/li>\n<li><a href=\"https:\/\/photos.app.goo.gl\/FesUizoGztYEbjEK9\">\u015awi\u0119to Odzyskania Niepodleg\u0142o\u015bci &#8211; 11.11.15<\/a><\/li>\n<li><a href=\"https:\/\/photos.app.goo.gl\/oiWs1Fg3i6f6Tu6D8\">Uroczysto\u015b\u0107 Wszystkich \u015awi\u0119tych &#8211; 01.11.15<\/a><\/li>\n<li><a href=\"https:\/\/photos.app.goo.gl\/nGeCAB7YmCWjURhh9\">Jesienny Sp\u0142yw Wi\u015blany &#8211; 2015<\/a><\/li>\n<li><a href=\"https:\/\/photos.app.goo.gl\/dhCpx1qSmR9BCYAu5\">Po\u017cegnanie lata &#8211; 19.08.15<\/a><\/li>\n<li><a href=\"https:\/\/photos.app.goo.gl\/gn7iHyebrDzXAz7d9\">S\u00f8\u201915 Sea Scout Jamboree &#8211; 2015<\/a><\/li>\n<li><a href=\"https:\/\/photos.app.goo.gl\/khttNErpeWSueJmA8\">Tanew &#8211; HAL 2015<\/a><\/li>\n<li><a href=\"https:\/\/photos.app.goo.gl\/sBW9em5XXF65guNA7\">Odrza\u0144ski Sp\u0142yw Wiosenny &#8211; 2015<\/a><\/li>\n<li><a href=\"https:\/\/photos.app.goo.gl\/XH69fgB3MDPQfwg68\">Projekt Cz\u00f3\u0142no &#8211; 10\/11.03.15<\/a><\/li>\n<\/ul>\n","protected":false},"excerpt":{"rendered":"<p>Wigilia Dru\u017cynowa &#8211; 19.12.15 Kiermasz \u015bwi\u0105teczny w MDK i SP3 &#8211; 15.12.15 Betlejemskie \u015awiat\u0142o Pokoju &#8211; 14.12.15 Przed\u015bwi\u0105teczna manufaktura &#8211; 05.12.15 Wykapka HOW &#8211; 28\/29.11.15 33. Rocznica \u015bmierci hm. Paw\u0142a Krawczyka &#8211; 21.11.15 PK M\u0142odzie\u017cowo &#8211; 13\/15.11.15 \u015awi\u0119to Odzyskania Niepodleg\u0142o\u015bci &#8211; 11.11.15 Uroczysto\u015b\u0107 Wszystkich \u015awi\u0119tych &#8211; 01.11.15 Jesienny Sp\u0142yw Wi\u015blany &#8211; 2015 Po\u017cegnanie lata &#8211; [&hellip;]<\/p>\n","protected":false},"author":4,"featured_media":0,"parent":2014,"menu_order":0,"comment_status":"closed","ping_status":"closed","template":"","meta":{"footnotes":""},"class_list":["post-2654","page","type-page","status-publish","czr-hentry"],"_links":{"self":[{"href":"https:\/\/wodniacy.mikolow.zhp.pl\/index.php\/wp-json\/wp\/v2\/pages\/2654","targetHints":{"allow":["GET"]}}],"collection":[{"href":"https:\/\/wodniacy.mikolow.zhp.pl\/index.php\/wp-json\/wp\/v2\/pages"}],"about":[{"href":"https:\/\/wodniacy.mikolow.zhp.pl\/index.php\/wp-json\/wp\/v2\/types\/page"}],"author":[{"embeddable":true,"href":"https:\/\/wodniacy.mikolow.zhp.pl\/index.php\/wp-json\/wp\/v2\/users\/4"}],"replies":[{"embeddable":true,"href":"https:\/\/wodniacy.mikolow.zhp.pl\/index.php\/wp-json\/wp\/v2\/comments?post=2654"}],"version-history":[{"count":12,"href":"https:\/\/wodniacy.mikolow.zhp.pl\/index.php\/wp-json\/wp\/v2\/pages\/2654\/revisions"}],"predecessor-version":[{"id":3729,"href":"https:\/\/wodniacy.mikolow.zhp.pl\/index.php\/wp-json\/wp\/v2\/pages\/2654\/revisions\/3729"}],"up":[{"embeddable":true,"href":"https:\/\/wodniacy.mikolow.zhp.pl\/index.php\/wp-json\/wp\/v2\/pages\/2014"}],"wp:attachment":[{"href":"https:\/\/wodniacy.mikolow.zhp.pl\/index.php\/wp-json\/wp\/v2\/media?parent=2654"}],"curies":[{"name":"wp","href":"https:\/\/api.w.org\/{rel}","templated":true}]}}