{"id":2692,"date":"2019-03-29T23:30:36","date_gmt":"2019-03-29T22:30:36","guid":{"rendered":"http:\/\/wodniacy.mikolow.zhp.pl\/?page_id=2692"},"modified":"2023-10-21T15:14:10","modified_gmt":"2023-10-21T13:14:10","slug":"galeria-2017","status":"publish","type":"page","link":"https:\/\/wodniacy.mikolow.zhp.pl\/index.php\/galeria\/galeria-2017\/","title":{"rendered":"Galeria &#8211; 2017"},"content":{"rendered":"<ul>\n<li><a href=\"https:\/\/photos.app.goo.gl\/55Tnct4rqzqPaCb27\">P\u0142awniowice &#8211; 27\/29.10.17<\/a><\/li>\n<li><a href=\"https:\/\/photos.app.goo.gl\/MD1owyDL8KPg3okZ6\">Paprocany &#8211; 01.10.17<\/a><\/li>\n<li><a href=\"https:\/\/photos.app.goo.gl\/28un2GAzYHxRbPk1A\">Rejs Morze P\u00f3\u0142nocne &#8211; 19.08\/02.09.17<\/a><\/li>\n<li><a href=\"https:\/\/photos.app.goo.gl\/psC6QVZpTKzSij9v5\">Ob\u00f3z Wilamowo &#8211; HAL 2017 &#8211; 15\/29.07.17<\/a><\/li>\n<li><a href=\"https:\/\/photos.app.goo.gl\/7Mx4e3wmQe29CmwQA\">Zatoka Gda\u0144ska &#8211; 01\/09.07.17<\/a><\/li>\n<li><a href=\"https:\/\/photos.app.goo.gl\/ms6prxtXY7492FYt8\">Kurs \u017ceglarza &#8211; 27.04.17<\/a><\/li>\n<li><a href=\"https:\/\/photos.app.goo.gl\/WqzLdpAFbUdXNggV6\">Odrza\u0144ski Sp\u0142yw Wiosenny &#8211; 2017<\/a><\/li>\n<li><a href=\"https:\/\/photos.app.goo.gl\/qAozZfJzaAQbdvS48\">HOW Wis\u0142a Wielka &#8211; 22\/23.04.17<\/a><\/li>\n<li><a href=\"https:\/\/photos.app.goo.gl\/GAz2pZe73kmyPXDSA\">HOW Wis\u0142a Wielka &#8211; 17\/19.03.17<\/a><\/li>\n<li><a href=\"https:\/\/photos.app.goo.gl\/C1szE42LAUokjC4T8\">Akcja charytatywna &#8211; 10\/18.02.17<\/a><\/li>\n<li><a href=\"https:\/\/photos.app.goo.gl\/F7viiWv8KFT8xbbZ9\">Premiera ksi\u0105\u017cki o PK &#8211; 13.01.17<\/a><\/li>\n<\/ul>\n","protected":false},"excerpt":{"rendered":"<p>P\u0142awniowice &#8211; 27\/29.10.17 Paprocany &#8211; 01.10.17 Rejs Morze P\u00f3\u0142nocne &#8211; 19.08\/02.09.17 Ob\u00f3z Wilamowo &#8211; HAL 2017 &#8211; 15\/29.07.17 Zatoka Gda\u0144ska &#8211; 01\/09.07.17 Kurs \u017ceglarza &#8211; 27.04.17 Odrza\u0144ski Sp\u0142yw Wiosenny &#8211; 2017 HOW Wis\u0142a Wielka &#8211; 22\/23.04.17 HOW Wis\u0142a Wielka &#8211; 17\/19.03.17 Akcja charytatywna &#8211; 10\/18.02.17 Premiera ksi\u0105\u017cki o PK &#8211; 13.01.17<\/p>\n","protected":false},"author":4,"featured_media":0,"parent":2014,"menu_order":0,"comment_status":"closed","ping_status":"closed","template":"","meta":{"footnotes":""},"class_list":["post-2692","page","type-page","status-publish","czr-hentry"],"_links":{"self":[{"href":"https:\/\/wodniacy.mikolow.zhp.pl\/index.php\/wp-json\/wp\/v2\/pages\/2692","targetHints":{"allow":["GET"]}}],"collection":[{"href":"https:\/\/wodniacy.mikolow.zhp.pl\/index.php\/wp-json\/wp\/v2\/pages"}],"about":[{"href":"https:\/\/wodniacy.mikolow.zhp.pl\/index.php\/wp-json\/wp\/v2\/types\/page"}],"author":[{"embeddable":true,"href":"https:\/\/wodniacy.mikolow.zhp.pl\/index.php\/wp-json\/wp\/v2\/users\/4"}],"replies":[{"embeddable":true,"href":"https:\/\/wodniacy.mikolow.zhp.pl\/index.php\/wp-json\/wp\/v2\/comments?post=2692"}],"version-history":[{"count":6,"href":"https:\/\/wodniacy.mikolow.zhp.pl\/index.php\/wp-json\/wp\/v2\/pages\/2692\/revisions"}],"predecessor-version":[{"id":3720,"href":"https:\/\/wodniacy.mikolow.zhp.pl\/index.php\/wp-json\/wp\/v2\/pages\/2692\/revisions\/3720"}],"up":[{"embeddable":true,"href":"https:\/\/wodniacy.mikolow.zhp.pl\/index.php\/wp-json\/wp\/v2\/pages\/2014"}],"wp:attachment":[{"href":"https:\/\/wodniacy.mikolow.zhp.pl\/index.php\/wp-json\/wp\/v2\/media?parent=2692"}],"curies":[{"name":"wp","href":"https:\/\/api.w.org\/{rel}","templated":true}]}}