{"id":2696,"date":"2019-03-29T23:41:51","date_gmt":"2019-03-29T22:41:51","guid":{"rendered":"http:\/\/wodniacy.mikolow.zhp.pl\/?page_id=2696"},"modified":"2023-10-21T15:13:20","modified_gmt":"2023-10-21T13:13:20","slug":"galeria-2018","status":"publish","type":"page","link":"https:\/\/wodniacy.mikolow.zhp.pl\/index.php\/galeria\/galeria-2018\/","title":{"rendered":"Galeria &#8211; 2018"},"content":{"rendered":"<ul>\n<li><a href=\"https:\/\/photos.app.goo.gl\/iRgh1BjbcPRwwSPA9\">Wigilia Dru\u017cyny &#8211; 21.12.18<\/a><\/li>\n<li><a href=\"https:\/\/photos.app.goo.gl\/L1y3jq8PdhSt4kgMA\">Kurs JSM &#8211; 16.12.18<\/a><\/li>\n<li><a href=\"https:\/\/photos.app.goo.gl\/Vv7BGBnjwydMhZ1PA\">Nadanie naramiennika w\u0119drowniczego &#8211; 16.12.18<\/a><\/li>\n<li><a href=\"https:\/\/photos.app.goo.gl\/dEnafkHnsmr1ddvG6\">Biwak B\u0142\u0119d\u00f3w &#8211; 07\/09.12.18<\/a><\/li>\n<li><a href=\"https:\/\/photos.app.goo.gl\/vgHh48pK2jL7PeWR6\">Nadanie HZS &#8211; 11.11.18<\/a><\/li>\n<li><a href=\"https:\/\/photos.app.goo.gl\/JVG7cXc93wrSHT3EA\">\u015al\u0105skie Regaty Niepodleg\u0142o\u015bci &#8211; 10.11.18<\/a><\/li>\n<li><a href=\"https:\/\/photos.app.goo.gl\/LqMoeGjtWHUYmQUo8\">Biwak &#8211; 26\/28.10.18<\/a><\/li>\n<li><a href=\"https:\/\/photos.app.goo.gl\/hMcd4PAougHYDSuZ8\">Egzamin \u017cj. &#8211; 21.10.18<\/a><\/li>\n<li><a href=\"https:\/\/photos.app.goo.gl\/P4Q2VAnoqWRDCjk3A\">Zobowi\u0105zanie dh Wojtka &#8211; 29.09.18<\/a><\/li>\n<li><a href=\"https:\/\/photos.app.goo.gl\/CzEUbfpq2cEDsyJy9\">Zbi\u00f3rka Paprocany &#8211; 29.09.18<\/a><\/li>\n<li><a href=\"https:\/\/photos.app.goo.gl\/UcmE4fDoBUFxhbx78\">Zuchowa Zbi\u00f3rka Spadochronowa &#8211; 21.09.18<\/a><\/li>\n<li><a href=\"https:\/\/photos.app.goo.gl\/AiMAdPoH8DuxNyZL8\">Biwak Paprocany &#8211; 15\/16.09.18<\/a><\/li>\n<li><a href=\"https:\/\/photos.app.goo.gl\/CRXtfnF7ZGxBuwW5A\">Msza \u015aw. Gosty\u0144 &#8211; 03.09.18<\/a><\/li>\n<li><a href=\"https:\/\/photos.app.goo.gl\/w22G9xKSMea8mQUz9\">Budowa masztu &#8211; 23.03\/31.08.18<\/a><\/li>\n<li><a href=\"https:\/\/photos.app.goo.gl\/rEmcNJwY92uXBed87\">Sp\u0142yw Pilic\u0105 &#8211; HAL 2018<\/a><\/li>\n<li><a href=\"https:\/\/photos.app.goo.gl\/67KJzcS1FCFcKTmc8\">Ob\u00f3z Zarz\u0119cin &#8211; HAL 2018<\/a><\/li>\n<li><a href=\"https:\/\/photos.app.goo.gl\/1EfYEnig7vPaVJA39\">Ba\u0142tycka Wyprawa W\u0119drownicza &#8211; HAL 2018<\/a><\/li>\n<li><a href=\"https:\/\/photos.app.goo.gl\/2ubovhunnq9yNHiT7\">Kurs Spadochronowy &#8211; 14\/17.06.18<\/a><\/li>\n<li><a href=\"https:\/\/photos.app.goo.gl\/7q9iqbutVh6YzYYu6\">Zlot Hufca &#8211; 08\/10.06.18<\/a><\/li>\n<li><a href=\"https:\/\/photos.app.goo.gl\/n5JeJ8A8FpeFbvZV9\">Szlak Baranka &#8211; OSW 2018<\/a><\/li>\n<li><a href=\"https:\/\/photos.app.goo.gl\/yhtZaPFGSPqVvNeX9\">Szlak Oszka &#8211; OSW 2018<\/a><\/li>\n<li><a href=\"https:\/\/photos.app.goo.gl\/WVHAL88SUuJuJ5dt9\">Biwak W\u0119drowniczy Wroc\u0142aw &#8211; 14\/15.04.18<\/a><\/li>\n<li><a href=\"https:\/\/photos.app.goo.gl\/c61fJEMoiJMUUw9u7\">Wodowanie \u03a9 &#8211; 14.04.18<\/a><\/li>\n<li><a href=\"https:\/\/photos.app.goo.gl\/Byr7TxoWaGHEnBTn9\">Odznaka PTTK &#8211; 13.04.18<\/a><\/li>\n<li><a href=\"https:\/\/photos.app.goo.gl\/KuztzUp8YahmAD3G6\">INO &#8211; 24.03.18<\/a><\/li>\n<li><a href=\"https:\/\/photos.app.goo.gl\/Q3tkwG1syfN7HNU28\">Jamna &#8211; 17.03.18<\/a><\/li>\n<li><a href=\"https:\/\/photos.app.goo.gl\/F3rHownoXfNjEyQ37\">Eskimo &#8211; 27.01.18<\/a><\/li>\n<li><a href=\"https:\/\/photos.app.goo.gl\/CfEfMeGoBYKK1gQU7\">Kurs zast\u0119powych &#8211; 20.01.18<\/a><\/li>\n<\/ul>\n","protected":false},"excerpt":{"rendered":"<p>Wigilia Dru\u017cyny &#8211; 21.12.18 Kurs JSM &#8211; 16.12.18 Nadanie naramiennika w\u0119drowniczego &#8211; 16.12.18 Biwak B\u0142\u0119d\u00f3w &#8211; 07\/09.12.18 Nadanie HZS &#8211; 11.11.18 \u015al\u0105skie Regaty Niepodleg\u0142o\u015bci &#8211; 10.11.18 Biwak &#8211; 26\/28.10.18 Egzamin \u017cj. &#8211; 21.10.18 Zobowi\u0105zanie dh Wojtka &#8211; 29.09.18 Zbi\u00f3rka Paprocany &#8211; 29.09.18 Zuchowa Zbi\u00f3rka Spadochronowa &#8211; 21.09.18 Biwak Paprocany &#8211; 15\/16.09.18 Msza \u015aw. Gosty\u0144 &#8211; [&hellip;]<\/p>\n","protected":false},"author":4,"featured_media":0,"parent":2014,"menu_order":0,"comment_status":"closed","ping_status":"closed","template":"","meta":{"footnotes":""},"class_list":["post-2696","page","type-page","status-publish","czr-hentry"],"_links":{"self":[{"href":"https:\/\/wodniacy.mikolow.zhp.pl\/index.php\/wp-json\/wp\/v2\/pages\/2696","targetHints":{"allow":["GET"]}}],"collection":[{"href":"https:\/\/wodniacy.mikolow.zhp.pl\/index.php\/wp-json\/wp\/v2\/pages"}],"about":[{"href":"https:\/\/wodniacy.mikolow.zhp.pl\/index.php\/wp-json\/wp\/v2\/types\/page"}],"author":[{"embeddable":true,"href":"https:\/\/wodniacy.mikolow.zhp.pl\/index.php\/wp-json\/wp\/v2\/users\/4"}],"replies":[{"embeddable":true,"href":"https:\/\/wodniacy.mikolow.zhp.pl\/index.php\/wp-json\/wp\/v2\/comments?post=2696"}],"version-history":[{"count":12,"href":"https:\/\/wodniacy.mikolow.zhp.pl\/index.php\/wp-json\/wp\/v2\/pages\/2696\/revisions"}],"predecessor-version":[{"id":3719,"href":"https:\/\/wodniacy.mikolow.zhp.pl\/index.php\/wp-json\/wp\/v2\/pages\/2696\/revisions\/3719"}],"up":[{"embeddable":true,"href":"https:\/\/wodniacy.mikolow.zhp.pl\/index.php\/wp-json\/wp\/v2\/pages\/2014"}],"wp:attachment":[{"href":"https:\/\/wodniacy.mikolow.zhp.pl\/index.php\/wp-json\/wp\/v2\/media?parent=2696"}],"curies":[{"name":"wp","href":"https:\/\/api.w.org\/{rel}","templated":true}]}}