{"id":2716,"date":"2019-04-07T23:05:17","date_gmt":"2019-04-07T21:05:17","guid":{"rendered":"http:\/\/wodniacy.mikolow.zhp.pl\/?page_id=2716"},"modified":"2023-10-21T15:11:59","modified_gmt":"2023-10-21T13:11:59","slug":"galeria-2019","status":"publish","type":"page","link":"https:\/\/wodniacy.mikolow.zhp.pl\/index.php\/galeria\/galeria-2019\/","title":{"rendered":"Galeria &#8211; 2019"},"content":{"rendered":"<ul>\n<li><a href=\"https:\/\/photos.app.goo.gl\/KeQKFgnXmpxxYuB37\">Wigilia Dru\u017cyny &#8211; 21.12.19<\/a><\/li>\n<li><a href=\"https:\/\/photos.app.goo.gl\/r3P7neXyWRuouyLG7\">Wigilia Dru\u017cyny &#8211; 21.12.19<\/a><\/li>\n<li><a href=\"https:\/\/photos.app.goo.gl\/AGRMLBKFzh4osZ9J8\">Biwak \u015bwi\u0105teczny W\u0119drownik\u00f3w 20\/21.19<\/a><\/li>\n<li><a href=\"https:\/\/photos.app.goo.gl\/BAsjh4finUu6C4SU6\">B\u015aP 2019 &#8211; 18.12.19<\/a><\/li>\n<li><a href=\"https:\/\/photos.app.goo.gl\/TfMMpxziRrpXP7scA\">Biwak B\u0142\u0119d\u00f3w &#8211; 29.11\/01.12.19<\/a><\/li>\n<li><a href=\"https:\/\/photos.app.goo.gl\/VHAoiwNmzgmtfLji9\">Klarowanie sprz\u0119tu po sezonie &#8217;19 &#8211; 23.11.19<\/a><\/li>\n<li><a href=\"https:\/\/photos.app.goo.gl\/63JKHbg8jvjSgZjQ9\">ROHIS Projekt \u201eSchron\u201d &#8211; 23.11.19<\/a><\/li>\n<li><a href=\"https:\/\/photos.app.goo.gl\/BEpmuMTqzGou86ke6\">II Regaty Niepodleg\u0142o\u015bci &#8211; 10.11.19<\/a><\/li>\n<li><a href=\"https:\/\/photos.app.goo.gl\/euVFWpFAQ1S4TvQAA\">Zjazd Hufca &#8211; 08.11.19<\/a><\/li>\n<li><a href=\"https:\/\/photos.app.goo.gl\/g6iDZsJv7YVnqWFR6\">Zbi\u00f3rka Paprocany &#8211; 02.11.19<\/a><\/li>\n<li><a href=\"https:\/\/photos.app.goo.gl\/ftieMwU1bMf5y1wd9\">Zbi\u00f3rka Jung\u00f3w &#8211; 26.10.19<\/a><\/li>\n<li><a href=\"https:\/\/photos.app.goo.gl\/1gKRnA9PFALkotEz9\">Zbi\u00f3rka Harcerzy Starszych &#8211; 19.10.19<\/a><\/li>\n<li><a href=\"https:\/\/photos.app.goo.gl\/W5Y1DpPNw1pBNBkc9\">ZRegaty samotnik\u00f3w &#8211; 05.10.19<\/a><\/li>\n<li><a href=\"https:\/\/photos.app.goo.gl\/SwdaBR2RUAki7zqR6\">Zbi\u00f3rka Dru\u017cyny &#8211; 28.09.19<\/a><\/li>\n<li><a href=\"https:\/\/photos.app.goo.gl\/HPPgSLFGFnPQwrc5A\">Kurs JSM &#8211; 15\/22.09.19<\/a><\/li>\n<li><a href=\"https:\/\/photos.app.goo.gl\/1WtNhXouHhGybcFv9\">Kurs pierwszej pomocy &#8211; 14\/15.09.19<\/a><\/li>\n<li><a href=\"https:\/\/photos.app.goo.gl\/jBZAFnpiQjnYS6Si7\">I zbi\u00f3rka HS\u00f3w Paprocany &#8211; 07.09.19<\/a><\/li>\n<li><a href=\"https:\/\/photos.app.goo.gl\/ED94ZpNhSpdWmtEeA\">80. rocznica wybuchu II W\u015a &#8211; 02.09.19<\/a><\/li>\n<li><a href=\"https:\/\/photos.app.goo.gl\/4WMLbxJExMcGvyMZ6\">20-lecie SW Szkwa\u0142 &#8211; 31.08.19<\/a><\/li>\n<li><a href=\"https:\/\/photos.app.goo.gl\/ucYGQapdutAenAmB9\">Rejs Mazurski &#8211; HAL 2019<\/a><\/li>\n<li><a href=\"https:\/\/photos.app.goo.gl\/XLMXBUdxAP3J5GBr8\">Sp\u0142yw Mazurski &#8211; HAL 2019<\/a><\/li>\n<li><a href=\"https:\/\/photos.app.goo.gl\/jhuLox4mDh1eJCsZA\">Kolonia Zuchowa Przerwanki &#8211; HAL 2019<\/a><\/li>\n<li><a href=\"https:\/\/photos.app.goo.gl\/MRRQGyr5nds7yqnL8\">Egzamin \u017cj &#8211; 22.06.19<\/a><\/li>\n<li><a href=\"https:\/\/photos.app.goo.gl\/1QWDWkFVeKYUYCR47\">Biwak ko\u0144coworoczny &#8211; 14\/16.06.2019<\/a><\/li>\n<li><a href=\"https:\/\/photos.app.goo.gl\/xFKP5DzUkFxoEenc6\">Januszkowice &#8211; OSW 2019<\/a><\/li>\n<li><a href=\"https:\/\/photos.app.goo.gl\/zCJjDv7dwQoKye1P8\">Kana\u0142 Gliwicki &#8211; OSW 2019<\/a><\/li>\n<li><a href=\"https:\/\/photos.app.goo.gl\/1jZo2rxcRCqDp1CLA\">K\u0142odnica &#8211; OSW 2019<\/a><\/li>\n<li><a href=\"https:\/\/photos.app.goo.gl\/cZGfdfr1oG2dzRoD7\">Ruda &#8211; OSW 2019<\/a><\/li>\n<li><a href=\"https:\/\/photos.app.goo.gl\/yKmPbqnZ77h4tq1u7\">Inauguracja LVI OSW &#8211; 19.05.19<\/a><\/li>\n<li><a href=\"https:\/\/photos.app.goo.gl\/9w5pwbTiP7C24Kfu7\">Przygotowania LVI OSW &#8211; 16\/21.05.19<\/a><\/li>\n<li><a href=\"https:\/\/photos.app.goo.gl\/M5BH1LGFhBFhjsPUA\">Sp\u0142yw survivalowy HS &#8211; 26\/28.04.19<\/a><\/li>\n<li><a href=\"https:\/\/photos.app.goo.gl\/jryqYQZAM6sHeAmD6\">Zbi\u00f3rka Jung\u00f3w &#8211; 11.04.19<\/a><\/li>\n<li><a href=\"https:\/\/photos.app.goo.gl\/CgVM8iT8FCiyB79R6\">Biwak Jung\u00f3w i Wilczk\u00f3w &#8211; 05\/06.04.19<\/a><\/li>\n<li><a href=\"https:\/\/photos.app.goo.gl\/MG94AiPcJVvZSuh46\">Zobowi\u0105zanie dh Oli &#8211; 30.03.19<\/a><\/li>\n<li><a href=\"https:\/\/photos.app.goo.gl\/qHpKrqCgqneVA61X8\">Rozpocz\u0119cie sezonu &#8211; 30.03.19<\/a><\/li>\n<li><a href=\"https:\/\/photos.app.goo.gl\/ZVWay9wZUG4MFKtZ7\">Biwak Cieszyn &#8211; 22\/24.03.19<\/a><\/li>\n<li><a href=\"https:\/\/photos.app.goo.gl\/ust5CH1KDGPHVPEa7\">Jamna &#8211; 09.03.19<\/a><\/li>\n<li><a href=\"https:\/\/photos.app.goo.gl\/bSTTZRakmKBiUSbb6\">Kurs \u017cj. &#8211; 08.03.19<\/a><\/li>\n<li><a href=\"https:\/\/photos.app.goo.gl\/cTHvCnT3k2uLGJdR9\">pwd. Kasia &#8211; 25.02.19<\/a><\/li>\n<li><a href=\"https:\/\/photos.app.goo.gl\/T4NpvKEiTujtdgaq6\">Ferie zimowe &#8211; 22\/24.02.19<\/a><\/li>\n<li><a href=\"https:\/\/photos.app.goo.gl\/GnnvHR61cDxJWPXf6\">Rozgrzej si\u0119! &#8211; 22.02.19<\/a><\/li>\n<li><a href=\"https:\/\/photos.app.goo.gl\/FMvEzrSP4TFfKAYD8\">Biwak w Hufcu &#8211; 01\/03.02.19<\/a><\/li>\n<\/ul>\n","protected":false},"excerpt":{"rendered":"<p>Wigilia Dru\u017cyny &#8211; 21.12.19 Wigilia Dru\u017cyny &#8211; 21.12.19 Biwak \u015bwi\u0105teczny W\u0119drownik\u00f3w 20\/21.19 B\u015aP 2019 &#8211; 18.12.19 Biwak B\u0142\u0119d\u00f3w &#8211; 29.11\/01.12.19 Klarowanie sprz\u0119tu po sezonie &#8217;19 &#8211; 23.11.19 ROHIS Projekt \u201eSchron\u201d &#8211; 23.11.19 II Regaty Niepodleg\u0142o\u015bci &#8211; 10.11.19 Zjazd Hufca &#8211; 08.11.19 Zbi\u00f3rka Paprocany &#8211; 02.11.19 Zbi\u00f3rka Jung\u00f3w &#8211; 26.10.19 Zbi\u00f3rka Harcerzy Starszych &#8211; 19.10.19 ZRegaty [&hellip;]<\/p>\n","protected":false},"author":4,"featured_media":0,"parent":2014,"menu_order":0,"comment_status":"closed","ping_status":"closed","template":"","meta":{"footnotes":""},"class_list":["post-2716","page","type-page","status-publish","czr-hentry"],"_links":{"self":[{"href":"https:\/\/wodniacy.mikolow.zhp.pl\/index.php\/wp-json\/wp\/v2\/pages\/2716","targetHints":{"allow":["GET"]}}],"collection":[{"href":"https:\/\/wodniacy.mikolow.zhp.pl\/index.php\/wp-json\/wp\/v2\/pages"}],"about":[{"href":"https:\/\/wodniacy.mikolow.zhp.pl\/index.php\/wp-json\/wp\/v2\/types\/page"}],"author":[{"embeddable":true,"href":"https:\/\/wodniacy.mikolow.zhp.pl\/index.php\/wp-json\/wp\/v2\/users\/4"}],"replies":[{"embeddable":true,"href":"https:\/\/wodniacy.mikolow.zhp.pl\/index.php\/wp-json\/wp\/v2\/comments?post=2716"}],"version-history":[{"count":37,"href":"https:\/\/wodniacy.mikolow.zhp.pl\/index.php\/wp-json\/wp\/v2\/pages\/2716\/revisions"}],"predecessor-version":[{"id":3718,"href":"https:\/\/wodniacy.mikolow.zhp.pl\/index.php\/wp-json\/wp\/v2\/pages\/2716\/revisions\/3718"}],"up":[{"embeddable":true,"href":"https:\/\/wodniacy.mikolow.zhp.pl\/index.php\/wp-json\/wp\/v2\/pages\/2014"}],"wp:attachment":[{"href":"https:\/\/wodniacy.mikolow.zhp.pl\/index.php\/wp-json\/wp\/v2\/media?parent=2716"}],"curies":[{"name":"wp","href":"https:\/\/api.w.org\/{rel}","templated":true}]}}