{"id":2845,"date":"2019-06-12T12:06:47","date_gmt":"2019-06-12T10:06:47","guid":{"rendered":"http:\/\/wodniacy.mikolow.zhp.pl\/?page_id=2845"},"modified":"2020-06-17T20:31:17","modified_gmt":"2020-06-17T18:31:17","slug":"regulaminy","status":"publish","type":"page","link":"https:\/\/wodniacy.mikolow.zhp.pl\/index.php\/regulaminy\/","title":{"rendered":"Regulaminy"},"content":{"rendered":"<ul>\n<li><a href=\"https:\/\/drive.google.com\/file\/d\/1n6TljYxUZAE0YVKaPb1gqdNnhBEtiujR\/view?usp=sharing\">Regulamin poruszania si\u0119 po drogach<\/a><\/li>\n<li><a href=\"https:\/\/drive.google.com\/file\/d\/1L52dOpgPfFMMeo7EEwaUHIKXMJeNh10w\/view?usp=sharing\">Regulamin s\u0142u\u017cby wartowniczej<\/a><\/li>\n<li><a href=\"https:\/\/drive.google.com\/file\/d\/1m7MK45Si1ln_M6cJ6m_WZuVeiywOconu\/view?usp=sharing\">Regulamin przeciwpo\u017carowy<\/a><\/li>\n<li><a href=\"https:\/\/drive.google.com\/file\/d\/1BOcmSxpzwuW4Tzejlo5PJm1xhZQBy9oi\/view?usp=sharing\">Regulamin p\u0142ywa\u0144<\/a><\/li>\n<li><a href=\"https:\/\/drive.google.com\/file\/d\/1fEP10ZDZhjXVGfjazDoIa6S7MtVQi15k\/view?usp=sharing\">Regulamin uczestnik\u00f3w<\/a><\/li>\n<li><a href=\"https:\/\/drive.google.com\/file\/d\/1OkkE6d92qRyVscnccoSIDiktIFZHJZMN\/view?usp=sharing\">Regulamin k\u0105pieli<\/a><\/li>\n<\/ul>\n<p>&nbsp;<\/p>\n<p>Regulaminy rejsu sta\u017cowo- szkoleniowego 2020<\/p>\n<p><a href=\"https:\/\/drive.google.com\/file\/d\/1eiIKMZkSOHqpT5mEFlsGBk9HAbkIrWxQ\/view?usp=sharing\">Regulamin uczestnika<\/a><\/p>\n<p><a href=\"https:\/\/drive.google.com\/file\/d\/1_QlZhGMELq8MfeYn9WD6rdw7zdflHvRV\/view?usp=sharing\">Regulamin transportu<\/a><\/p>\n<p><a href=\"https:\/\/drive.google.com\/file\/d\/10zrdO__YscsKjv--tEVTSf1zXEZD77SX\/view?usp=sharing\">Regulamin s\u0142u\u017cby morskiej<\/a><\/p>\n<p><a href=\"https:\/\/drive.google.com\/file\/d\/1ot1GOyNwuLt0034DF9i-2_OkUrLLZTBj\/view?usp=sharing\">Regulamin sanitarny obozu<\/a><\/p>\n<p><a href=\"https:\/\/drive.google.com\/file\/d\/1XBKfgCC51me_o83h-CesArqL0M-4WVyh\/view?usp=sharing\">Regulamin ppo\u017c<\/a><\/p>\n<p><a href=\"https:\/\/drive.google.com\/file\/d\/16QW0OnCp35fBrHAp9A4hPtihJ4Etowj0\/view?usp=sharing\">Regulamin poruszania si\u0119 po drogach<\/a><\/p>\n<p><a href=\"https:\/\/drive.google.com\/file\/d\/1x5E9QTusOyuQwkt_HJVLfNuM_Qzd5vyq\/view?usp=sharing\">Regulamin k\u0105pieli<\/a><\/p>\n","protected":false},"excerpt":{"rendered":"<p>Regulamin poruszania si\u0119 po drogach Regulamin s\u0142u\u017cby wartowniczej Regulamin przeciwpo\u017carowy Regulamin p\u0142ywa\u0144 Regulamin uczestnik\u00f3w Regulamin k\u0105pieli &nbsp; Regulaminy rejsu sta\u017cowo- szkoleniowego 2020 Regulamin uczestnika Regulamin transportu Regulamin s\u0142u\u017cby morskiej Regulamin sanitarny obozu Regulamin ppo\u017c Regulamin poruszania si\u0119 po drogach Regulamin k\u0105pieli<\/p>\n","protected":false},"author":4,"featured_media":0,"parent":0,"menu_order":0,"comment_status":"closed","ping_status":"closed","template":"","meta":{"footnotes":""},"class_list":["post-2845","page","type-page","status-publish","czr-hentry"],"_links":{"self":[{"href":"https:\/\/wodniacy.mikolow.zhp.pl\/index.php\/wp-json\/wp\/v2\/pages\/2845","targetHints":{"allow":["GET"]}}],"collection":[{"href":"https:\/\/wodniacy.mikolow.zhp.pl\/index.php\/wp-json\/wp\/v2\/pages"}],"about":[{"href":"https:\/\/wodniacy.mikolow.zhp.pl\/index.php\/wp-json\/wp\/v2\/types\/page"}],"author":[{"embeddable":true,"href":"https:\/\/wodniacy.mikolow.zhp.pl\/index.php\/wp-json\/wp\/v2\/users\/4"}],"replies":[{"embeddable":true,"href":"https:\/\/wodniacy.mikolow.zhp.pl\/index.php\/wp-json\/wp\/v2\/comments?post=2845"}],"version-history":[{"count":3,"href":"https:\/\/wodniacy.mikolow.zhp.pl\/index.php\/wp-json\/wp\/v2\/pages\/2845\/revisions"}],"predecessor-version":[{"id":3447,"href":"https:\/\/wodniacy.mikolow.zhp.pl\/index.php\/wp-json\/wp\/v2\/pages\/2845\/revisions\/3447"}],"wp:attachment":[{"href":"https:\/\/wodniacy.mikolow.zhp.pl\/index.php\/wp-json\/wp\/v2\/media?parent=2845"}],"curies":[{"name":"wp","href":"https:\/\/api.w.org\/{rel}","templated":true}]}}