{"id":31,"date":"2016-10-29T00:02:01","date_gmt":"2016-10-28T22:02:01","guid":{"rendered":"http:\/\/wodniacy.mikolow.zhp.pl\/?page_id=31"},"modified":"2022-05-12T22:16:57","modified_gmt":"2022-05-12T20:16:57","slug":"umundurowanie","status":"publish","type":"page","link":"https:\/\/wodniacy.mikolow.zhp.pl\/index.php\/umundurowanie\/","title":{"rendered":"Umundurowanie"},"content":{"rendered":"<p>&nbsp;<\/p>\n<table style=\"height: 350px;\">\n<tbody>\n<tr>\n<td style=\"width: 50%;\" align=\"left\" valign=\"top\">\n<h2 style=\"text-align: center;\"><strong><span style=\"color: #800080;\">Mundur M\u0119ski<\/span><\/strong><\/h2>\n<p><strong>A. Bluza mundurowa kroju marynarskiego w kolorze granatowym wzoru ZHP z ko\u0142nierzem marynarskim.<\/strong><\/p>\n<p><strong>B. Bia\u0142a koszulka pod bluz\u0119 mundurow\u0105.<br \/>\n<\/strong><\/p>\n<p><strong>C. D\u0142ugie, czarne spodnie materia\u0142owe.<br \/>\n<\/strong><\/p>\n<ul>\n<li>Jeansy nie s\u0105 dozwolone.<\/li>\n<li>Boj\u00f3wki dopuszczalne na zbi\u00f3rkach, podczas wyjazd\u00f3w dopuszczalne tylko spodnie materia\u0142owe<\/li>\n<li>W okresie letnim dopuszczalne czarne kr\u00f3tkie spodenki<br \/>\ndo kr\u00f3tkich spodenek obowi\u0105zkowo czarne getry bez bia\u0142ych pask\u00f3w<strong>.<br \/>\n<\/strong><\/li>\n<\/ul>\n<p><strong>D. Czarne buty \u2013 trampki, trapery.<br \/>\n<\/strong><\/p>\n<p><strong>E. Fura\u017cerka z przypi\u0119t\u0105 lilijk\u0105 oraz odpowiednim oznaczeniem stopnia.<\/strong><\/p>\n<p style=\"padding-left: 30px;\">\n<\/td>\n<td style=\"width: 50%;\" align=\"left\" valign=\"top\">\n<h2 style=\"text-align: center;\"><strong><span style=\"color: #800080;\">Mundur Damski<\/span><\/strong><\/h2>\n<p><strong>A. Bluza mundurowa kroju marynarskiego w kolorze granatowym wzoru ZHP z ko\u0142nierzem marynarskim.<\/strong><\/p>\n<p><strong>B. Bia\u0142a koszulka pod bluz\u0119 mundurow\u0105.<\/strong><\/p>\n<p><strong>C. Jednolicie czarna, prosta sp\u00f3dnica do kolan, dopuszczalne czarne, materia\u0142owe spodnie na zbi\u00f3rki.<\/strong><\/p>\n<ul>\n<li>W okresie zimowym do munduru dopuszczalne s\u0105 czarne lub cieliste rajstopy.<\/li>\n<\/ul>\n<p><strong>D. Czarne getry do kolan bez bia\u0142ych pask\u00f3w.<\/strong><br \/>\n<strong>E. Czarne buty \u2013 trampki, ewentualnie czarne botki zim\u0105.<\/strong><br \/>\n<strong>F. Fura\u017cerka z przypi\u0119t\u0105 lilijk\u0105 oraz odpowiednim oznaczeniem stopnia.<\/strong><\/td>\n<\/tr>\n<\/tbody>\n<\/table>\n<p style=\"text-align: center;\"><img loading=\"lazy\" decoding=\"async\" class=\"aligncenter wp-image-744\" src=\"http:\/\/wodniacy.mikolow.zhp.pl\/wp-content\/uploads\/2017\/10\/Mundur-01-1024x391.png\" alt=\"\" width=\"1024\" height=\"391\" srcset=\"https:\/\/wodniacy.mikolow.zhp.pl\/wp-content\/uploads\/2017\/10\/Mundur-01-1024x391.png 1024w, https:\/\/wodniacy.mikolow.zhp.pl\/wp-content\/uploads\/2017\/10\/Mundur-01-300x115.png 300w, https:\/\/wodniacy.mikolow.zhp.pl\/wp-content\/uploads\/2017\/10\/Mundur-01-768x293.png 768w\" sizes=\"auto, (max-width: 1024px) 100vw, 1024px\" \/><\/p>\n<p style=\"text-align: center;\">Na kolor <strong><span style=\"color: #800080;\">bordowy<\/span><\/strong> opisane zosta\u0142y pozycje obowi\u0105zkowe:<\/p>\n<table style=\"height: 530px;\">\n<tbody>\n<tr>\n<td style=\"width: 50%;\" align=\"left\" valign=\"top\"><strong><span style=\"color: #800080;\">1. Krzy\u017c harcerski lub lilijka wodniacka.<\/span><\/strong><\/p>\n<p style=\"text-align: left;\"><strong><span style=\"color: #800080;\">2. Flaga Polski, wyhaftowana lub naszyta.<\/span><\/strong><\/p>\n<p style=\"text-align: left;\"><strong>3. Logo 27 HDW.<\/strong><\/p>\n<p style=\"text-align: left;\"><strong>4. Lilijka instruktorska.<\/strong><\/p>\n<p style=\"text-align: left;\"><strong><span style=\"color: #800080;\">5. Naszywka WOSM lub WAGGGS.<\/span><\/strong><\/p>\n<p style=\"text-align: left;\"><strong>6. Logo ZHP, wyhaftowane na nowym kroju munduru.<\/strong><\/p>\n<p><strong>7. Sznur funkcyjny.<\/strong><\/p>\n<p><span style=\"color: #003366;\">granatowy<\/span> &#8211; dru\u017cynowy<\/p>\n<p><span style=\"color: #99cc00;\">zielony<\/span> z <span style=\"color: #003366;\">granatowym<\/span> suwakiem &#8211; g\u0142\u00f3wny przyboczny<\/p>\n<p><span style=\"color: #99cc00;\">zielony<\/span> z <span style=\"color: #800000;\">br\u0105zowym<\/span> suwakiem &#8211; za\u0142ogowy<\/p>\n<p><span style=\"color: #99cc00;\">zielony<\/span> &#8211; przyboczny<\/p>\n<p><span style=\"color: #800000;\">br\u0105zowy<\/span> &#8211; wachtowy<\/p>\n<p style=\"padding-left: 30px;\">Na bluzie mundurowej sznury funkcyjne nosi si\u0119 na wok\u00f3\u0142 szyi, tak by w\u0119ze\u0142 widoczny by\u0142 w sznurowaniu dekoltu, za\u015b zako\u0144czenie sznura wpuszczone by\u0142o w rozci\u0119cie stanowi\u0105ce przed\u0142u\u017cone ko\u0142nierza z przodu munduru.<\/p>\n<p style=\"text-align: left;\"><strong>8. Znaki s\u0142u\u017cb.<\/strong><\/p>\n<p style=\"text-align: left;\"><strong>9. Odznaczenia posiadanych sprawno\u015bci.<\/strong><\/p>\n<p style=\"text-align: left; padding-left: 30px;\">Odznaki sprawno\u015bci nosi si\u0119 powy\u017cej \u0142okcia w trzech pionowych rz\u0119dach w odleg\u0142o\u015bci od siebie oko\u0142o 5 mm. Odznaki sprawno\u015bci samaryta\u0144skich i sprawno\u015bci &#8222;trzech pi\u00f3r&#8221; umieszcza si\u0119 nad pozosta\u0142ymi.<\/p>\n<p style=\"text-align: left;\"><strong>10. Odznaczenie projektu starszoharcerskiego.<\/strong><\/p>\n<p style=\"text-align: left;\"><strong>11. Odznaczenie stopni: Wio\u015blarz, \u017beglarz Jachtowy, Jachtowy Sternik Morski.<\/strong><\/p>\n<p style=\"text-align: left;\"><strong><span style=\"color: #800080;\">12. Patki ze stopniem harcerskim.<\/span><\/strong><\/p>\n<\/td>\n<td style=\"width: 50%;\" align=\"left\" valign=\"top\"><strong><span style=\"color: #800080;\">2. Flaga Polski, wyhaftowana lub naszyta.<\/span><\/strong><\/p>\n<p><strong><span style=\"color: #800080;\">5. Naszywka WOSM lub WAGGGS.<\/span><\/strong><\/p>\n<p><strong>6. Logo ZHP, wyhaftowane na nowym kroju munduru.<\/strong><\/p>\n<p style=\"text-align: left;\"><strong>9. Odznaczenia posiadanych sprawno\u015bci zuchowych.<\/strong><\/p>\n<p style=\"text-align: left; padding-left: 30px;\">Odznaki sprawno\u015bci nosi si\u0119 powy\u017cej \u0142okcia w trzech pionowych kolumnach w odleg\u0142o\u015bci od siebie oko\u0142o 5 mm.<\/p>\n<p><strong><span style=\"color: #800080;\">13. Znaczek Zucha.<br \/>\n<\/span><\/strong><\/p>\n<p><strong>14. Gwiazdki zuchowe.<\/strong><\/td>\n<\/tr>\n<\/tbody>\n<\/table>\n<p style=\"text-align: center;\">Pe\u0142na tre\u015b\u0107 regulaminu mundurowego dost\u0119pna <a href=\"http:\/\/wodniacy.mikolow.zhp.pl\/wp-content\/uploads\/2018\/03\/zal_u_gk_176_2017_regulamin-mundury.pdf\">tutaj<\/a>.<\/p>\n<p style=\"text-align: center;\">W razie jakichkolwiek w\u0105tpliwo\u015bci nale\u017cy skontaktowa\u0107 si\u0119 z kadr\u0105, b\u0105d\u017a zapyta\u0107 kt\u00f3rego\u015b z bardziej do\u015bwiadczonych harcerzy \ud83d\ude09<\/p>\n","protected":false},"excerpt":{"rendered":"<p>&nbsp; Mundur M\u0119ski A. Bluza mundurowa kroju marynarskiego w kolorze granatowym wzoru ZHP z ko\u0142nierzem marynarskim. B. Bia\u0142a koszulka pod bluz\u0119 mundurow\u0105. C. D\u0142ugie, czarne spodnie materia\u0142owe. Jeansy nie s\u0105 dozwolone. Boj\u00f3wki dopuszczalne na zbi\u00f3rkach, podczas wyjazd\u00f3w dopuszczalne tylko spodnie materia\u0142owe W okresie letnim dopuszczalne czarne kr\u00f3tkie spodenki do kr\u00f3tkich spodenek obowi\u0105zkowo czarne getry bez [&hellip;]<\/p>\n","protected":false},"author":4,"featured_media":699,"parent":0,"menu_order":3,"comment_status":"closed","ping_status":"closed","template":"","meta":{"footnotes":""},"class_list":["post-31","page","type-page","status-publish","has-post-thumbnail","czr-hentry"],"_links":{"self":[{"href":"https:\/\/wodniacy.mikolow.zhp.pl\/index.php\/wp-json\/wp\/v2\/pages\/31","targetHints":{"allow":["GET"]}}],"collection":[{"href":"https:\/\/wodniacy.mikolow.zhp.pl\/index.php\/wp-json\/wp\/v2\/pages"}],"about":[{"href":"https:\/\/wodniacy.mikolow.zhp.pl\/index.php\/wp-json\/wp\/v2\/types\/page"}],"author":[{"embeddable":true,"href":"https:\/\/wodniacy.mikolow.zhp.pl\/index.php\/wp-json\/wp\/v2\/users\/4"}],"replies":[{"embeddable":true,"href":"https:\/\/wodniacy.mikolow.zhp.pl\/index.php\/wp-json\/wp\/v2\/comments?post=31"}],"version-history":[{"count":52,"href":"https:\/\/wodniacy.mikolow.zhp.pl\/index.php\/wp-json\/wp\/v2\/pages\/31\/revisions"}],"predecessor-version":[{"id":3648,"href":"https:\/\/wodniacy.mikolow.zhp.pl\/index.php\/wp-json\/wp\/v2\/pages\/31\/revisions\/3648"}],"wp:featuredmedia":[{"embeddable":true,"href":"https:\/\/wodniacy.mikolow.zhp.pl\/index.php\/wp-json\/wp\/v2\/media\/699"}],"wp:attachment":[{"href":"https:\/\/wodniacy.mikolow.zhp.pl\/index.php\/wp-json\/wp\/v2\/media?parent=31"}],"curies":[{"name":"wp","href":"https:\/\/api.w.org\/{rel}","templated":true}]}}