{"id":3270,"date":"2020-01-05T21:14:38","date_gmt":"2020-01-05T20:14:38","guid":{"rendered":"http:\/\/wodniacy.mikolow.zhp.pl\/?page_id=3270"},"modified":"2023-10-21T15:20:22","modified_gmt":"2023-10-21T13:20:22","slug":"galeria-2020","status":"publish","type":"page","link":"https:\/\/wodniacy.mikolow.zhp.pl\/index.php\/galeria\/galeria-2020\/","title":{"rendered":"Galeria &#8211; 2020"},"content":{"rendered":"<ul>\n<li><a href=\"https:\/\/photos.app.goo.gl\/3UbwPhjE8BZXRnMz9\">Regaty Niepodleg\u0142o\u015bci &#8211; 11.11.20<\/a><\/li>\n<li><a href=\"https:\/\/photos.app.goo.gl\/sopFhhpqUGEmgy65A\">Zbi\u00f3rka Jung\u00f3w &#8211; 10.10.20<\/a><\/li>\n<li><a href=\"https:\/\/photos.app.goo.gl\/tjHr322GZbjLwgT36\">JSW &#8211; 03.10.20<\/a><\/li>\n<li><a href=\"https:\/\/photos.app.goo.gl\/Mk7UrfVPDVNfquwY7\">Piknik &#8211; 19.09.20<\/a><\/li>\n<li><a href=\"https:\/\/photos.app.goo.gl\/JTaC2zqM6YWZ4HzYA\">81. rocznica wybuchu II W\u015a &#8211; 01.08.20<\/a><\/li>\n<li><a href=\"https:\/\/photos.app.goo.gl\/Tfs2orjVwLM8WcJq5\">Sp\u0142yw Jung\u00f3w Nida &#8211; 17\/29.08.20<\/a><\/li>\n<li><a href=\"https:\/\/photos.app.goo.gl\/Tfs2orjVwLM8WcJq5\">Ob\u00f3z Mazury &#8211; HAL 2020<\/a><\/li>\n<li><a href=\"https:\/\/photos.app.goo.gl\/LaeAjjefQieQ2h537\">Rejs na Barlovento II &#8211; 18.07\/01.08.20<\/a><\/li>\n<li><a href=\"https:\/\/photos.app.goo.gl\/7z7h27jeMBwM8kBDA\">Memoria\u0142 kpt. Henryka Jasku\u0142y &#8211; 12.06.20<\/a><\/li>\n<li><a href=\"https:\/\/photos.app.goo.gl\/wrCWtQr2bTgVB6R47\">Niebieska omega &#8211; historia remontu<\/a><\/li>\n<li><a href=\"https:\/\/photos.app.goo.gl\/MF86gnCsYcLooWYbA\">Zbi\u00f3rka Wilczk\u00f3w Morskich &#8211; 06.06.20<\/a><\/li>\n<li><a href=\"https:\/\/photos.app.goo.gl\/6hZGcyfwU6jzD1zW7\">Zbi\u00f3rka Jung\u00f3w &#8211; 05.06.20<\/a><\/li>\n<li><a href=\"https:\/\/photos.app.goo.gl\/FZUobwfHX52jDCpd9\">Wodowanie DZety &#8211; 02\/03.06.20<\/a><\/li>\n<li><a href=\"https:\/\/photos.app.goo.gl\/Z8u6s8DTovTQQFRH7\">Treningi \u017ceglarskie HS\u00f3w- Czerwiec 2020<\/a><\/li>\n<li><a href=\"https:\/\/photos.app.goo.gl\/CBXjADeRKevnEcqV9\">Zbi\u00f3rka Jung\u00f3w &#8211; 29\/30.05.20<\/a><\/li>\n<li><a href=\"https:\/\/photos.app.goo.gl\/XbWzdNWnQTJSyV568\">Zbi\u00f3rka Jung\u00f3w &#8211; 06.03.20<\/a><\/li>\n<li><a href=\"https:\/\/photos.app.goo.gl\/i5BHg2rTkSpe16dV6\">Kurs SRC &#8211; 29.02\/01.03.20<\/a><\/li>\n<li><a href=\"https:\/\/photos.app.goo.gl\/7itcwzaebFHjhTTDA\">ESKIMO Chor\u0105gwi \u015al\u0105skiej Ruda &#8211; 29.02.20<\/a><\/li>\n<li><a href=\"https:\/\/photos.app.goo.gl\/VJQaGg1EJcWtN3L48\">Porz\u0105dki magazynu hufca &#8211; 29.02.20<\/a><\/li>\n<li><a href=\"https:\/\/photos.app.goo.gl\/6fPbCdgd3wPa2V2i9\">Imieniny Zucha &#8211; 29.02.20<\/a><\/li>\n<li><a href=\"https:\/\/photos.app.goo.gl\/o2kkUbGGai1FRxP68\">XII Mistrzostwa P\u0142ywackie Chor\u0105gwi \u015al\u0105skiej &#8211; 15.02<\/a><\/li>\n<li><a href=\"https:\/\/photos.app.goo.gl\/jKzMFSwrYZ73xktx5\">Biwak Wilczk\u00f3w 31.01.19-01.02.20<\/a><\/li>\n<li><a href=\"https:\/\/photos.app.goo.gl\/dkdcHWxkAsdWitD16\">Zbi\u00f3rki kadry Jung\u00f3w &#8211; 03\/04.01.20<\/a><\/li>\n<\/ul>\n","protected":false},"excerpt":{"rendered":"<p>Regaty Niepodleg\u0142o\u015bci &#8211; 11.11.20 Zbi\u00f3rka Jung\u00f3w &#8211; 10.10.20 JSW &#8211; 03.10.20 Piknik &#8211; 19.09.20 81. rocznica wybuchu II W\u015a &#8211; 01.08.20 Sp\u0142yw Jung\u00f3w Nida &#8211; 17\/29.08.20 Ob\u00f3z Mazury &#8211; HAL 2020 Rejs na Barlovento II &#8211; 18.07\/01.08.20 Memoria\u0142 kpt. Henryka Jasku\u0142y &#8211; 12.06.20 Niebieska omega &#8211; historia remontu Zbi\u00f3rka Wilczk\u00f3w Morskich &#8211; 06.06.20 Zbi\u00f3rka Jung\u00f3w [&hellip;]<\/p>\n","protected":false},"author":4,"featured_media":0,"parent":2014,"menu_order":0,"comment_status":"closed","ping_status":"closed","template":"","meta":{"footnotes":""},"class_list":["post-3270","page","type-page","status-publish","czr-hentry"],"_links":{"self":[{"href":"https:\/\/wodniacy.mikolow.zhp.pl\/index.php\/wp-json\/wp\/v2\/pages\/3270","targetHints":{"allow":["GET"]}}],"collection":[{"href":"https:\/\/wodniacy.mikolow.zhp.pl\/index.php\/wp-json\/wp\/v2\/pages"}],"about":[{"href":"https:\/\/wodniacy.mikolow.zhp.pl\/index.php\/wp-json\/wp\/v2\/types\/page"}],"author":[{"embeddable":true,"href":"https:\/\/wodniacy.mikolow.zhp.pl\/index.php\/wp-json\/wp\/v2\/users\/4"}],"replies":[{"embeddable":true,"href":"https:\/\/wodniacy.mikolow.zhp.pl\/index.php\/wp-json\/wp\/v2\/comments?post=3270"}],"version-history":[{"count":24,"href":"https:\/\/wodniacy.mikolow.zhp.pl\/index.php\/wp-json\/wp\/v2\/pages\/3270\/revisions"}],"predecessor-version":[{"id":3727,"href":"https:\/\/wodniacy.mikolow.zhp.pl\/index.php\/wp-json\/wp\/v2\/pages\/3270\/revisions\/3727"}],"up":[{"embeddable":true,"href":"https:\/\/wodniacy.mikolow.zhp.pl\/index.php\/wp-json\/wp\/v2\/pages\/2014"}],"wp:attachment":[{"href":"https:\/\/wodniacy.mikolow.zhp.pl\/index.php\/wp-json\/wp\/v2\/media?parent=3270"}],"curies":[{"name":"wp","href":"https:\/\/api.w.org\/{rel}","templated":true}]}}