{"id":3289,"date":"2020-02-11T14:28:35","date_gmt":"2020-02-11T13:28:35","guid":{"rendered":"http:\/\/wodniacy.mikolow.zhp.pl\/?page_id=3289"},"modified":"2021-11-21T12:17:53","modified_gmt":"2021-11-21T11:17:53","slug":"rohis","status":"publish","type":"page","link":"https:\/\/wodniacy.mikolow.zhp.pl\/index.php\/rohis\/","title":{"rendered":"ROHiS"},"content":{"rendered":"<p>\u269c\ufe0f Rz\u0105dowy Program Wsparcia Rozwoju Organizacji Harcerskich i Skautowych na lata 2018-2030<\/p>\n<p>\u269c\ufe0f Program jest now\u0105 form\u0105 wsparcia dla organizacji harcerskich, b\u0119d\u0105cych wa\u017cnym partnerem pa\u0144stwa w dzia\u0142aniach na rzecz rozwoju i wychowywania m\u0142odych ludzi. Dzia\u0142alno\u015b\u0107 harcerska jest prowadzona wed\u0142ug systemu wychowania, nawi\u0105zuj\u0105cego do dorobku \u015bwiatowego skautingu i polskiego ruchu harcerskiego. Dzi\u0119ki temu stwarza mo\u017cliwo\u015b\u0107 wszechstronnego, nowoczesnego i harmonijnego rozwoju fizycznego, intelektualnego, emocjonalnego, spo\u0142ecznego i duchowego dzieci i m\u0142odzie\u017cy.<\/p>\n<p>\u269c\ufe0f Program adresujemy przede wszystkim do organizacji obj\u0119tych Honorowym Protektoratem Prezydenta RP nad Ruchem Harcerskim w Polsce i poza granicami kraju. B\u0119dziemy udziela\u0107 rocznych dotacji na rozw\u00f3j instytucjonalny \u015bci\u015ble powi\u0105zany z dzia\u0142alno\u015bci\u0105 programow\u0105. Organizacje harcerskie, kt\u00f3re otrzymaj\u0105 wsparcie w ramach Programu, b\u0119d\u0105 realizowa\u0107 dzia\u0142ania w ramach nast\u0119puj\u0105cych zada\u0144:<\/p>\n<p>? Zadanie 1. Wsparcie kszta\u0142cenia i dzia\u0142a\u0144 programowych w organizacjach harcerskich<br \/>\n? Zadanie 2. Wsparcie instytucjonalne organizacji harcerskich<\/p>\n<p>\u269c\ufe0f Dzi\u0119ki ROHiS w naszej Dru\u017cynie przeprowadzili\u015bmy:<\/p>\n<p>\u2705 <a href=\"https:\/\/photos.app.goo.gl\/BKEQXfQEy7amS1s36\"><strong>Kurs \u017ceglarza jachtowego<\/strong><\/a><\/p>\n<p>\u25aa\ufe0f rozwini\u0119cie umiej\u0119tno\u015bci praktycznych uczestnik\u00f3w z zakresu manewrowania jachtami \u017caglowymi oraz na silniku<br \/>\n\u25aa\ufe0f rozwini\u0119cie wiedzy teoretycznej z zakresu teorii \u017ceglarstwa<br \/>\n\u25aa\ufe0f rozwini\u0119cie zainteresowania w\u015br\u00f3d uczestnik\u00f3w \u017ceglarstwem jako dyscyplin\u0105 sportu<br \/>\n\u25aa\ufe0f rozwini\u0119cie zainteresowania uczestnik\u00f3w kultur\u0105 \u017ceglarsk\u0105<br \/>\n\u25aa\ufe0f przygotowanie uczestnik\u00f3w do zdania egzaminu teoretycznego i praktycznego na stopie\u0144 \u017ceglarza jachtowego<\/p>\n<p>\u2705 <a href=\"https:\/\/photos.app.goo.gl\/orVVU2DJTXYXbg9V6\"><strong>Warsztaty nawigacyjne<\/strong><\/a><\/p>\n<p>\u25aa\ufe0f nauka podstaw nawigacji morskiej w celu prowadzenia bezpiecznej nawigacji w czasie rejs\u00f3w<br \/>\n\u25aa\ufe0f nauka korzystania z map morskich i innych publikacji nautycznych (locji morskich, spis\u00f3w \u015bwiate\u0142 i radiostacji nautycznych)<br \/>\n\u25aa\ufe0f zapoznanie z systemem GPS i elektronicznymi urz\u0105dzeniami nawigacyjnymi, w tym mapami i programami elektronicznymi<br \/>\n\u25aa\ufe0f nauka rozwi\u0105zywania zada\u0144 nawigacyjnych jako przygotowanie do egzaminu na pa\u0144stwowy stopie\u0144 jachtowego sternika morskiego<\/p>\n<p>\u2705 <a href=\"https:\/\/photos.app.goo.gl\/kjez2Q9MeAFiyjCr9\"><strong>Warsztaty bosma\u0144skie<\/strong><\/a><\/p>\n<p>\u25aa\ufe0f przeprowadzenie cyklu zbi\u00f3rek dla harcerzy dru\u017cyny specjalno\u015bci wodnej poszerzaj\u0105cych umiej\u0119tno\u015bci i wiadomo\u015bci szkutniczo &#8211; bosma\u0144skie, tj. na temat konstrukcji \u0142odzi, wymog\u00f3w bezpiecze\u0144stwa wobec \u0142odzi i przeprowadzania prac remontowych sprz\u0119tu p\u0142ywaj\u0105cego na przyk\u0142adzie kad\u0142uba \u0142odzi \u017caglowej typu omega<\/p>\n<p>\u2705 <a href=\"https:\/\/photos.app.goo.gl\/63JKHbg8jvjSgZjQ9\"><strong>Projekt edukacyjny \u201eSchron\u201d<\/strong><\/a><\/p>\n<p>\u25aa\ufe0f rozw\u00f3j zainteresowania histori\u0105 uczestnik\u00f3w<br \/>\n\u25aa\ufe0f rozw\u00f3j umiej\u0119tno\u015bci kompletowania, zbierania i przetwarzania informacji historycznych<br \/>\n\u25aa\ufe0f upami\u0119tnienie i promocja informacji w spo\u0142eczno\u015bci lokalnej na temat bohaterskiej obrony Miko\u0142owa w czasie kampanii wrze\u015bniowej poprzez utworzenie miejsca pami\u0119ci z opuszczonego schronu polowego<br \/>\n\u25aa\ufe0f promowanie s\u0142u\u017cby na rzecz ochrony dziedzictwa historycznego<\/p>\n<p>Wi\u0119cej na: <a href=\"https:\/\/www.niw.gov.pl\/nasze-programy\/program-wsparcia-harcerstwa\/\">https:\/\/www.niw.gov.pl\/nasze-programy\/program-wsparcia-harcerstwa\/<\/a><\/p>\n","protected":false},"excerpt":{"rendered":"<p>\u269c\ufe0f Rz\u0105dowy Program Wsparcia Rozwoju Organizacji Harcerskich i Skautowych na lata 2018-2030 \u269c\ufe0f Program jest now\u0105 form\u0105 wsparcia dla organizacji harcerskich, b\u0119d\u0105cych wa\u017cnym partnerem pa\u0144stwa w dzia\u0142aniach na rzecz rozwoju i wychowywania m\u0142odych ludzi. Dzia\u0142alno\u015b\u0107 harcerska jest prowadzona wed\u0142ug systemu wychowania, nawi\u0105zuj\u0105cego do dorobku \u015bwiatowego skautingu i polskiego ruchu harcerskiego. Dzi\u0119ki temu stwarza mo\u017cliwo\u015b\u0107 wszechstronnego, [&hellip;]<\/p>\n","protected":false},"author":4,"featured_media":0,"parent":0,"menu_order":0,"comment_status":"closed","ping_status":"closed","template":"","meta":{"footnotes":""},"class_list":["post-3289","page","type-page","status-publish","czr-hentry"],"_links":{"self":[{"href":"https:\/\/wodniacy.mikolow.zhp.pl\/index.php\/wp-json\/wp\/v2\/pages\/3289","targetHints":{"allow":["GET"]}}],"collection":[{"href":"https:\/\/wodniacy.mikolow.zhp.pl\/index.php\/wp-json\/wp\/v2\/pages"}],"about":[{"href":"https:\/\/wodniacy.mikolow.zhp.pl\/index.php\/wp-json\/wp\/v2\/types\/page"}],"author":[{"embeddable":true,"href":"https:\/\/wodniacy.mikolow.zhp.pl\/index.php\/wp-json\/wp\/v2\/users\/4"}],"replies":[{"embeddable":true,"href":"https:\/\/wodniacy.mikolow.zhp.pl\/index.php\/wp-json\/wp\/v2\/comments?post=3289"}],"version-history":[{"count":7,"href":"https:\/\/wodniacy.mikolow.zhp.pl\/index.php\/wp-json\/wp\/v2\/pages\/3289\/revisions"}],"predecessor-version":[{"id":3593,"href":"https:\/\/wodniacy.mikolow.zhp.pl\/index.php\/wp-json\/wp\/v2\/pages\/3289\/revisions\/3593"}],"wp:attachment":[{"href":"https:\/\/wodniacy.mikolow.zhp.pl\/index.php\/wp-json\/wp\/v2\/media?parent=3289"}],"curies":[{"name":"wp","href":"https:\/\/api.w.org\/{rel}","templated":true}]}}