{"id":34,"date":"2016-10-29T00:12:34","date_gmt":"2016-10-28T22:12:34","guid":{"rendered":"http:\/\/wodniacy.mikolow.zhp.pl\/?page_id=34"},"modified":"2023-10-21T13:42:52","modified_gmt":"2023-10-21T11:42:52","slug":"o-nas","status":"publish","type":"page","link":"https:\/\/wodniacy.mikolow.zhp.pl\/index.php\/o-nas\/","title":{"rendered":"O nas"},"content":{"rendered":"<p style=\"text-align: left;\">Czuwaj!<\/p>\n<p style=\"text-align: left;\">Jeste\u015bmy 27 Harcersk\u0105 Dru\u017cyn\u0105 Wodn\u0105 dzia\u0142aj\u0105c\u0105 przy Hufcu Ziemi Miko\u0142owskiej im. Bohater\u00f3w Powsta\u0144 \u015al\u0105skich.<strong> A Ty? <\/strong>Jeste\u015b gotowy na przygod\u0119? <strong>Do\u0142\u0105cz do Dru\u017cyny! <\/strong>Ucz si\u0119, baw, pokonuj wyzwania. Odkrywaj pi\u0119kno rzek i jezior. Wyrusz z nami na morskie wyprawy. Za\u0142\u00f3\u017c granatowy mundur i poznaj \u017cycie harcerzy wodnych!<\/p>\n<p style=\"text-align: left;\">Dru\u017cyna sk\u0142ada si\u0119 z nast\u0119puj\u0105cych za\u0142\u00f3g:<\/p>\n<ul>\n<li style=\"text-align: left;\">Wilczk\u00f3w Morskich (dzieci 6-10 lat)<\/li>\n<li style=\"text-align: left;\">Jung\u00f3w (dzieci 10-13 lat)<\/li>\n<li style=\"text-align: left;\">Harcerzy Starszych (m\u0142odzie\u017c 13-16 lat)<\/li>\n<li style=\"text-align: left;\">W\u0119drownik\u00f3w (m\u0142odzie\u017c 16-21 lat).<\/li>\n<\/ul>\n<p style=\"text-align: left;\">Nasz\u0105 Dru\u017cynow\u0105 jest <strong>pwd. Katarzyna G\u0105siorek jsm.<\/strong><\/p>\n","protected":false},"excerpt":{"rendered":"<p>Czuwaj! Jeste\u015bmy 27 Harcersk\u0105 Dru\u017cyn\u0105 Wodn\u0105 dzia\u0142aj\u0105c\u0105 przy Hufcu Ziemi Miko\u0142owskiej im. Bohater\u00f3w Powsta\u0144 \u015al\u0105skich. A Ty? Jeste\u015b gotowy na przygod\u0119? Do\u0142\u0105cz do Dru\u017cyny! Ucz si\u0119, baw, pokonuj wyzwania. Odkrywaj pi\u0119kno rzek i jezior. Wyrusz z nami na morskie wyprawy. Za\u0142\u00f3\u017c granatowy mundur i poznaj \u017cycie harcerzy wodnych! Dru\u017cyna sk\u0142ada si\u0119 z nast\u0119puj\u0105cych za\u0142\u00f3g: Wilczk\u00f3w [&hellip;]<\/p>\n","protected":false},"author":4,"featured_media":2376,"parent":0,"menu_order":1,"comment_status":"closed","ping_status":"closed","template":"","meta":{"footnotes":""},"class_list":["post-34","page","type-page","status-publish","has-post-thumbnail","czr-hentry"],"_links":{"self":[{"href":"https:\/\/wodniacy.mikolow.zhp.pl\/index.php\/wp-json\/wp\/v2\/pages\/34","targetHints":{"allow":["GET"]}}],"collection":[{"href":"https:\/\/wodniacy.mikolow.zhp.pl\/index.php\/wp-json\/wp\/v2\/pages"}],"about":[{"href":"https:\/\/wodniacy.mikolow.zhp.pl\/index.php\/wp-json\/wp\/v2\/types\/page"}],"author":[{"embeddable":true,"href":"https:\/\/wodniacy.mikolow.zhp.pl\/index.php\/wp-json\/wp\/v2\/users\/4"}],"replies":[{"embeddable":true,"href":"https:\/\/wodniacy.mikolow.zhp.pl\/index.php\/wp-json\/wp\/v2\/comments?post=34"}],"version-history":[{"count":16,"href":"https:\/\/wodniacy.mikolow.zhp.pl\/index.php\/wp-json\/wp\/v2\/pages\/34\/revisions"}],"predecessor-version":[{"id":3694,"href":"https:\/\/wodniacy.mikolow.zhp.pl\/index.php\/wp-json\/wp\/v2\/pages\/34\/revisions\/3694"}],"wp:featuredmedia":[{"embeddable":true,"href":"https:\/\/wodniacy.mikolow.zhp.pl\/index.php\/wp-json\/wp\/v2\/media\/2376"}],"wp:attachment":[{"href":"https:\/\/wodniacy.mikolow.zhp.pl\/index.php\/wp-json\/wp\/v2\/media?parent=34"}],"curies":[{"name":"wp","href":"https:\/\/api.w.org\/{rel}","templated":true}]}}