{"id":40,"date":"2016-10-29T00:18:01","date_gmt":"2016-10-28T22:18:01","guid":{"rendered":"http:\/\/wodniacy.mikolow.zhp.pl\/?page_id=40"},"modified":"2025-09-09T22:25:16","modified_gmt":"2025-09-09T20:25:16","slug":"dokumenty-do-pobrania","status":"publish","type":"page","link":"https:\/\/wodniacy.mikolow.zhp.pl\/index.php\/dokumenty-do-pobrania\/","title":{"rendered":"Dokumenty do pobrania"},"content":{"rendered":"<ul>\n<li><a href=\"https:\/\/drive.google.com\/file\/d\/1QwQZhWDYFo8VNqWmK55aU_dfK3Fux4Ge\/view?usp=sharing\">ZGODA NA PRZYNALE\u017bNO\u015a\u0106 DO ZHP<\/a> (Wype\u0142niaj\u0105 rodzice lub opiekunowie os\u00f3b poni\u017cej 16 roku \u017cycia)<\/li>\n<li><a href=\"https:\/\/drive.google.com\/file\/d\/1J98n1QzUyEOJ0246mXM71RAiwQwqRPil\/view?usp=sharing\">DEKLARACJA CZ\u0141ONKOWSKA<\/a> (Wype\u0142niaj\u0105 cz\u0142onkowie dru\u017cyny powy\u017cej 16 roku \u017cycia)<\/li>\n<li><a href=\"https:\/\/drive.google.com\/file\/d\/1IT3Q29aktk27uqb9oRk40UDeXrK8LZnj\/view?usp=sharing\">ZGODA NA SAMODZIELNE OPUSZCZANIE MIEJSCA ZBI\u00d3RKI<\/a><\/li>\n<li><a href=\"https:\/\/drive.google.com\/file\/d\/1TvK3HurSTUMozLm_67R2KUnKmVH_S_k0\/view?usp=sharing\">ZGODA NA ZBI\u00d3RKI SPECJALNO\u015aCIOWE<\/a><\/li>\n<li><a href=\"https:\/\/drive.google.com\/open?id=1rloZY6VzEQbBL0KukL8pabgESUe2UcaB\">ZGODA NA WYJAZD<\/a> (Biwak, wycieczka)<\/li>\n<\/ul>\n<p>&nbsp;<\/p>\n","protected":false},"excerpt":{"rendered":"<p>ZGODA NA PRZYNALE\u017bNO\u015a\u0106 DO ZHP (Wype\u0142niaj\u0105 rodzice lub opiekunowie os\u00f3b poni\u017cej 16 roku \u017cycia) DEKLARACJA CZ\u0141ONKOWSKA (Wype\u0142niaj\u0105 cz\u0142onkowie dru\u017cyny powy\u017cej 16 roku \u017cycia) ZGODA NA SAMODZIELNE OPUSZCZANIE MIEJSCA ZBI\u00d3RKI ZGODA NA ZBI\u00d3RKI SPECJALNO\u015aCIOWE ZGODA NA WYJAZD (Biwak, wycieczka) &nbsp;<\/p>\n","protected":false},"author":4,"featured_media":0,"parent":0,"menu_order":6,"comment_status":"closed","ping_status":"closed","template":"","meta":{"footnotes":""},"class_list":["post-40","page","type-page","status-publish","czr-hentry"],"_links":{"self":[{"href":"https:\/\/wodniacy.mikolow.zhp.pl\/index.php\/wp-json\/wp\/v2\/pages\/40","targetHints":{"allow":["GET"]}}],"collection":[{"href":"https:\/\/wodniacy.mikolow.zhp.pl\/index.php\/wp-json\/wp\/v2\/pages"}],"about":[{"href":"https:\/\/wodniacy.mikolow.zhp.pl\/index.php\/wp-json\/wp\/v2\/types\/page"}],"author":[{"embeddable":true,"href":"https:\/\/wodniacy.mikolow.zhp.pl\/index.php\/wp-json\/wp\/v2\/users\/4"}],"replies":[{"embeddable":true,"href":"https:\/\/wodniacy.mikolow.zhp.pl\/index.php\/wp-json\/wp\/v2\/comments?post=40"}],"version-history":[{"count":15,"href":"https:\/\/wodniacy.mikolow.zhp.pl\/index.php\/wp-json\/wp\/v2\/pages\/40\/revisions"}],"predecessor-version":[{"id":3770,"href":"https:\/\/wodniacy.mikolow.zhp.pl\/index.php\/wp-json\/wp\/v2\/pages\/40\/revisions\/3770"}],"wp:attachment":[{"href":"https:\/\/wodniacy.mikolow.zhp.pl\/index.php\/wp-json\/wp\/v2\/media?parent=40"}],"curies":[{"name":"wp","href":"https:\/\/api.w.org\/{rel}","templated":true}]}}